{"id":3090,"date":"2021-05-22T11:32:45","date_gmt":"2021-05-22T11:32:45","guid":{"rendered":"https:\/\/carmenresidence.com\/chi-siamo\/"},"modified":"2021-05-22T11:32:46","modified_gmt":"2021-05-22T11:32:46","slug":"chi-siamo","status":"publish","type":"page","link":"https:\/\/carmenresidence.com\/it\/chi-siamo\/","title":{"rendered":"Chi siamo"},"content":{"rendered":"<div class=\"wpb-content-wrapper\"><p>[vc_row css=&#8221;.vc_custom_1621322471693{margin-bottom: 50px !important;border-bottom-width: 100px !important;padding-bottom: 50px !important;}&#8221;][vc_column width=&#8221;1\/2&#8243;][vc_column_text]<\/p>\n<p style=\"text-align: justify;\">Essendo grandi amanti della ricca storia che rende speciale questa citt\u00e0, \u00e8 molto interessante a sapere che proprio la storia \u00e8 dietro il nostro nome. La Carmen Sylve, \u00e8 lo pseudonimo di Elisabetta di Wied (1843) che fu la prima regina rumena, scrittrice e amante di Opatija. Proviene da una potente famiglia aristocratica ed \u00e8 nata nella citt\u00e0 tedesca di Neuwied, situata sul fiume Reno. Nel 1869 spos\u00f2 il sovrano rumeno, il principe Carlo di Hohenzollern-Sigmeringen, che fu incoronato come il primo re di Romania nel 1881.<\/p>\n<p>[\/vc_column_text][vc_column_text]<\/p>\n<p style=\"text-align: justify;\">Elisabetta amava molto Opatija e su una panchina scavata nella roccia, oggi un lungomare chiamato Carmen Sylve, ha trovato l&#8217;ispirazione per scrivere le sue poesie, opere teatrali e i romanzi. Per queste opere ha ricevuto dei premi letterari internazionali. Poich\u00e9 la nostra residence si trova vicino al lungomare e nella voglia di avvicinarti a una parte della storia di questo luogo, attraverso un soggiorno nei nostri appartamenti, incontrerai\u00a0 Carmen Sylve attraverso i suoi versi o ritratti.<\/p>\n<p>[\/vc_column_text][\/vc_column][vc_column width=&#8221;1\/2&#8243;][vc_single_image image=&#8221;2392&#8243; img_size=&#8221;full&#8221; alignment=&#8221;center&#8221; parallax_ratio=&#8221;1&#8243;][\/vc_column][\/vc_row][vc_section full_width=&#8221;stretch_row&#8221; css=&#8221;.vc_custom_1621326447264{background-image: url(http:\/\/carmenresidence.com\/wp-content\/uploads\/2021\/05\/POZADINA-O-NAMA.jpg?id=2424) !important;}&#8221;][vc_row full_width=&#8221;stretch_row&#8221; css=&#8221;.vc_custom_1621326496790{padding-top: 50px !important;padding-bottom: 50px !important;}&#8221;][vc_column][vc_custom_heading text=&#8221;Servizi&#8221; font_container=&#8221;tag:h2|text_align:center|color:%23ffffff&#8221; use_theme_fonts=&#8221;yes&#8221;][\/vc_column][\/vc_row][vc_row full_width=&#8221;stretch_row&#8221;][vc_column width=&#8221;1\/3&#8243;]<div id=\"tile-with-icon_icon1\" class=\"title-with-icon-wrapper rectangle medium \" data-color=\"\"  style=\"\">\r\n\t\t\t<div class=\"wpb_content_element title-with-icon clearfix \"><span  style=\"color:#c59d5f !important;background-color: !important;\" class=\"oic-sunway1-014-swimming-pool rectangle medium \" ><\/span><h4 style=\"color:#ffffff\">Wellness &amp; Spa<\/h4>\r\n\t\t\t<\/div><\/div>[\/vc_column][vc_column width=&#8221;1\/3&#8243;]<div id=\"tile-with-icon_icon2\" class=\"title-with-icon-wrapper rectangle medium \" data-color=\"\"  style=\"\">\r\n\t\t\t<div class=\"wpb_content_element title-with-icon clearfix \"><span  style=\"color:#c59d5f !important;background-color: !important;\" class=\"oic-sunway3-028-charge rectangle medium \" ><\/span><h4 style=\"color:#ffffff\">Stazione di ricarica per auto elettriche<\/h4>\r\n\t\t\t<\/div><\/div>[\/vc_column][vc_column width=&#8221;1\/3&#8243;]<div id=\"tile-with-icon_icon3\" class=\"title-with-icon-wrapper rectangle medium \" data-color=\"\"  style=\"\">\r\n\t\t\t<div class=\"wpb_content_element title-with-icon clearfix \"><span  style=\"color:#c59d5f !important;background-color: !important;\" class=\"oic-wifi-3 rectangle medium \" ><\/span><h4 style=\"color:#ffffff\">Wifi gratis<\/h4>\r\n\t\t\t<\/div><\/div>[\/vc_column][\/vc_row][vc_row full_width=&#8221;stretch_row&#8221;][vc_column width=&#8221;1\/3&#8243;]<div id=\"tile-with-icon_icon4\" class=\"title-with-icon-wrapper rectangle medium \" data-color=\"\"  style=\"\">\r\n\t\t\t<div class=\"wpb_content_element title-with-icon clearfix \"><span  style=\"color:#c59d5f !important;background-color: !important;\" class=\"oic-wheelchair rectangle medium \" ><\/span><h4 style=\"color:#ffffff\">Accesso per persone con disabilit\u00e0<\/h4>\r\n\t\t\t<\/div><\/div>[\/vc_column][vc_column width=&#8221;1\/3&#8243;]<div id=\"tile-with-icon_icon5\" class=\"title-with-icon-wrapper rectangle medium \" data-color=\"\"  style=\"\">\r\n\t\t\t<div class=\"wpb_content_element title-with-icon clearfix \"><span  style=\"color:#c59d5f !important;background-color: !important;\" class=\"oic-sunway3-003-swimming-pool rectangle medium \" ><\/span><h4 style=\"color:#ffffff\">Piscina e terrazza solarium<\/h4>\r\n\t\t\t<\/div><\/div>[\/vc_column][vc_column width=&#8221;1\/3&#8243;]<div id=\"tile-with-icon_icon6\" class=\"title-with-icon-wrapper rectangle medium \" data-color=\"\"  style=\"\">\r\n\t\t\t<div class=\"wpb_content_element title-with-icon clearfix \"><span  style=\"color:#c59d5f !important;background-color: !important;\" class=\"oic-sunway3-010-pet rectangle medium \" ><\/span><h4 style=\"color:#ffffff\">Cucciolo amichevole<\/h4>\r\n\t\t\t<\/div><\/div>[\/vc_column][\/vc_row][vc_row full_width=&#8221;stretch_row&#8221; css=&#8221;.vc_custom_1621326489103{padding-bottom: 50px !important;}&#8221;][vc_column width=&#8221;1\/3&#8243;][\/vc_column][vc_column width=&#8221;1\/3&#8243;]<div id=\"tile-with-icon_icon7\" class=\"title-with-icon-wrapper rectangle medium \" data-color=\"\"  style=\"\">\r\n\t\t\t<div class=\"wpb_content_element title-with-icon clearfix \"><span  style=\"color:#c59d5f !important;background-color: !important;\" class=\"oic-iphone-streamline rectangle medium \" ><\/span><h4 style=\"color:#ffffff\">Sistema Smart Home<\/h4>\r\n\t\t\t<\/div><\/div>[\/vc_column][vc_column width=&#8221;1\/3&#8243;][\/vc_column][\/vc_row][\/vc_section]<\/p>\n<\/div>","protected":false},"excerpt":{"rendered":"<p>[vc_row css=&#8221;.vc_custom_1621322471693{margin-bottom: 50px !important;border-bottom-width: 100px !important;padding-bottom: 50px !important;}&#8221;][vc_column width=&#8221;1\/2&#8243;][vc_column_text] Essendo grandi amanti della ricca storia che rende speciale questa citt\u00e0, \u00e8 molto interessante a sapere che proprio la storia \u00e8 [&hellip;]<\/p>\n","protected":false},"author":1,"featured_media":0,"parent":0,"menu_order":0,"comment_status":"closed","ping_status":"closed","template":"","meta":{"footnotes":""},"class_list":["post-3090","page","type-page","status-publish","hentry",null],"yoast_head":"<!-- This site is optimized with the Yoast SEO plugin v27.3 - https:\/\/yoast.com\/product\/yoast-seo-wordpress\/ -->\n<title>Chi siamo | Carmen Residence<\/title>\n<meta name=\"robots\" content=\"index, follow, max-snippet:-1, max-image-preview:large, max-video-preview:-1\" \/>\n<link rel=\"canonical\" href=\"https:\/\/carmenresidence.com\/it\/chi-siamo\/\" \/>\n<meta property=\"og:locale\" content=\"it_IT\" \/>\n<meta property=\"og:type\" content=\"article\" \/>\n<meta property=\"og:title\" content=\"Chi siamo | Carmen Residence\" \/>\n<meta property=\"og:description\" content=\"[vc_row css=&#8221;.vc_custom_1621322471693{margin-bottom: 50px !important;border-bottom-width: 100px !important;padding-bottom: 50px !important;}&#8221;][vc_column width=&#8221;1\/2&#8243;][vc_column_text] Essendo grandi amanti della ricca storia che rende speciale questa citt\u00e0, \u00e8 molto interessante a sapere che proprio la storia \u00e8 [&hellip;]\" \/>\n<meta property=\"og:url\" content=\"https:\/\/carmenresidence.com\/it\/chi-siamo\/\" \/>\n<meta property=\"og:site_name\" content=\"Carmen Residence\" \/>\n<meta property=\"article:publisher\" content=\"https:\/\/www.facebook.com\/carmenresidenceopatija\/\" \/>\n<meta property=\"article:modified_time\" content=\"2021-05-22T11:32:46+00:00\" \/>\n<meta name=\"twitter:card\" content=\"summary_large_image\" \/>\n<meta name=\"twitter:label1\" content=\"Tempo di lettura stimato\" \/>\n\t<meta name=\"twitter:data1\" content=\"3 minuti\" \/>\n<script type=\"application\/ld+json\" class=\"yoast-schema-graph\">{\"@context\":\"https:\\\/\\\/schema.org\",\"@graph\":[{\"@type\":\"WebPage\",\"@id\":\"https:\\\/\\\/carmenresidence.com\\\/it\\\/chi-siamo\\\/\",\"url\":\"https:\\\/\\\/carmenresidence.com\\\/it\\\/chi-siamo\\\/\",\"name\":\"Chi siamo | Carmen Residence\",\"isPartOf\":{\"@id\":\"https:\\\/\\\/carmenresidence.com\\\/it\\\/#website\"},\"datePublished\":\"2021-05-22T11:32:45+00:00\",\"dateModified\":\"2021-05-22T11:32:46+00:00\",\"breadcrumb\":{\"@id\":\"https:\\\/\\\/carmenresidence.com\\\/it\\\/chi-siamo\\\/#breadcrumb\"},\"inLanguage\":\"it-IT\",\"potentialAction\":[{\"@type\":\"ReadAction\",\"target\":[\"https:\\\/\\\/carmenresidence.com\\\/it\\\/chi-siamo\\\/\"]}]},{\"@type\":\"BreadcrumbList\",\"@id\":\"https:\\\/\\\/carmenresidence.com\\\/it\\\/chi-siamo\\\/#breadcrumb\",\"itemListElement\":[{\"@type\":\"ListItem\",\"position\":1,\"name\":\"Po\u010detna stranica\",\"item\":\"https:\\\/\\\/carmenresidence.com\\\/it\\\/\"},{\"@type\":\"ListItem\",\"position\":2,\"name\":\"Chi siamo\"}]},{\"@type\":\"WebSite\",\"@id\":\"https:\\\/\\\/carmenresidence.com\\\/it\\\/#website\",\"url\":\"https:\\\/\\\/carmenresidence.com\\\/it\\\/\",\"name\":\"Carmen Residence\",\"description\":\"Opatija\",\"publisher\":{\"@id\":\"https:\\\/\\\/carmenresidence.com\\\/it\\\/#organization\"},\"potentialAction\":[{\"@type\":\"SearchAction\",\"target\":{\"@type\":\"EntryPoint\",\"urlTemplate\":\"https:\\\/\\\/carmenresidence.com\\\/it\\\/?s={search_term_string}\"},\"query-input\":{\"@type\":\"PropertyValueSpecification\",\"valueRequired\":true,\"valueName\":\"search_term_string\"}}],\"inLanguage\":\"it-IT\"},{\"@type\":\"Organization\",\"@id\":\"https:\\\/\\\/carmenresidence.com\\\/it\\\/#organization\",\"name\":\"Carmen Residence\",\"url\":\"https:\\\/\\\/carmenresidence.com\\\/it\\\/\",\"logo\":{\"@type\":\"ImageObject\",\"inLanguage\":\"it-IT\",\"@id\":\"https:\\\/\\\/carmenresidence.com\\\/it\\\/#\\\/schema\\\/logo\\\/image\\\/\",\"url\":\"https:\\\/\\\/carmenresidence.com\\\/wp-content\\\/uploads\\\/2021\\\/05\\\/Logo-Carmen.png\",\"contentUrl\":\"https:\\\/\\\/carmenresidence.com\\\/wp-content\\\/uploads\\\/2021\\\/05\\\/Logo-Carmen.png\",\"width\":225,\"height\":86,\"caption\":\"Carmen Residence\"},\"image\":{\"@id\":\"https:\\\/\\\/carmenresidence.com\\\/it\\\/#\\\/schema\\\/logo\\\/image\\\/\"},\"sameAs\":[\"https:\\\/\\\/www.facebook.com\\\/carmenresidenceopatija\\\/\",\"https:\\\/\\\/www.instagram.com\\\/opatijacarmenresidence\\\/\"]}]}<\/script>\n<!-- \/ Yoast SEO plugin. -->","yoast_head_json":{"title":"Chi siamo | Carmen Residence","robots":{"index":"index","follow":"follow","max-snippet":"max-snippet:-1","max-image-preview":"max-image-preview:large","max-video-preview":"max-video-preview:-1"},"canonical":"https:\/\/carmenresidence.com\/it\/chi-siamo\/","og_locale":"it_IT","og_type":"article","og_title":"Chi siamo | Carmen Residence","og_description":"[vc_row css=&#8221;.vc_custom_1621322471693{margin-bottom: 50px !important;border-bottom-width: 100px !important;padding-bottom: 50px !important;}&#8221;][vc_column width=&#8221;1\/2&#8243;][vc_column_text] Essendo grandi amanti della ricca storia che rende speciale questa citt\u00e0, \u00e8 molto interessante a sapere che proprio la storia \u00e8 [&hellip;]","og_url":"https:\/\/carmenresidence.com\/it\/chi-siamo\/","og_site_name":"Carmen Residence","article_publisher":"https:\/\/www.facebook.com\/carmenresidenceopatija\/","article_modified_time":"2021-05-22T11:32:46+00:00","twitter_card":"summary_large_image","twitter_misc":{"Tempo di lettura stimato":"3 minuti"},"schema":{"@context":"https:\/\/schema.org","@graph":[{"@type":"WebPage","@id":"https:\/\/carmenresidence.com\/it\/chi-siamo\/","url":"https:\/\/carmenresidence.com\/it\/chi-siamo\/","name":"Chi siamo | Carmen Residence","isPartOf":{"@id":"https:\/\/carmenresidence.com\/it\/#website"},"datePublished":"2021-05-22T11:32:45+00:00","dateModified":"2021-05-22T11:32:46+00:00","breadcrumb":{"@id":"https:\/\/carmenresidence.com\/it\/chi-siamo\/#breadcrumb"},"inLanguage":"it-IT","potentialAction":[{"@type":"ReadAction","target":["https:\/\/carmenresidence.com\/it\/chi-siamo\/"]}]},{"@type":"BreadcrumbList","@id":"https:\/\/carmenresidence.com\/it\/chi-siamo\/#breadcrumb","itemListElement":[{"@type":"ListItem","position":1,"name":"Po\u010detna stranica","item":"https:\/\/carmenresidence.com\/it\/"},{"@type":"ListItem","position":2,"name":"Chi siamo"}]},{"@type":"WebSite","@id":"https:\/\/carmenresidence.com\/it\/#website","url":"https:\/\/carmenresidence.com\/it\/","name":"Carmen Residence","description":"Opatija","publisher":{"@id":"https:\/\/carmenresidence.com\/it\/#organization"},"potentialAction":[{"@type":"SearchAction","target":{"@type":"EntryPoint","urlTemplate":"https:\/\/carmenresidence.com\/it\/?s={search_term_string}"},"query-input":{"@type":"PropertyValueSpecification","valueRequired":true,"valueName":"search_term_string"}}],"inLanguage":"it-IT"},{"@type":"Organization","@id":"https:\/\/carmenresidence.com\/it\/#organization","name":"Carmen Residence","url":"https:\/\/carmenresidence.com\/it\/","logo":{"@type":"ImageObject","inLanguage":"it-IT","@id":"https:\/\/carmenresidence.com\/it\/#\/schema\/logo\/image\/","url":"https:\/\/carmenresidence.com\/wp-content\/uploads\/2021\/05\/Logo-Carmen.png","contentUrl":"https:\/\/carmenresidence.com\/wp-content\/uploads\/2021\/05\/Logo-Carmen.png","width":225,"height":86,"caption":"Carmen Residence"},"image":{"@id":"https:\/\/carmenresidence.com\/it\/#\/schema\/logo\/image\/"},"sameAs":["https:\/\/www.facebook.com\/carmenresidenceopatija\/","https:\/\/www.instagram.com\/opatijacarmenresidence\/"]}]}},"_links":{"self":[{"href":"https:\/\/carmenresidence.com\/it\/wp-json\/wp\/v2\/pages\/3090","targetHints":{"allow":["GET"]}}],"collection":[{"href":"https:\/\/carmenresidence.com\/it\/wp-json\/wp\/v2\/pages"}],"about":[{"href":"https:\/\/carmenresidence.com\/it\/wp-json\/wp\/v2\/types\/page"}],"author":[{"embeddable":true,"href":"https:\/\/carmenresidence.com\/it\/wp-json\/wp\/v2\/users\/1"}],"replies":[{"embeddable":true,"href":"https:\/\/carmenresidence.com\/it\/wp-json\/wp\/v2\/comments?post=3090"}],"version-history":[{"count":2,"href":"https:\/\/carmenresidence.com\/it\/wp-json\/wp\/v2\/pages\/3090\/revisions"}],"predecessor-version":[{"id":3092,"href":"https:\/\/carmenresidence.com\/it\/wp-json\/wp\/v2\/pages\/3090\/revisions\/3092"}],"wp:attachment":[{"href":"https:\/\/carmenresidence.com\/it\/wp-json\/wp\/v2\/media?parent=3090"}],"curies":[{"name":"wp","href":"https:\/\/api.w.org\/{rel}","templated":true}]}}