{"id":3056,"date":"2021-05-22T11:14:44","date_gmt":"2021-05-22T11:14:44","guid":{"rendered":"https:\/\/carmenresidence.com\/opatija\/"},"modified":"2021-05-22T11:14:45","modified_gmt":"2021-05-22T11:14:45","slug":"opatija","status":"publish","type":"page","link":"https:\/\/carmenresidence.com\/it\/opatija\/","title":{"rendered":"Opatija"},"content":{"rendered":"<div class=\"wpb-content-wrapper\"><p>[vc_row css=&#8221;.vc_custom_1621322471693{margin-bottom: 50px !important;border-bottom-width: 100px !important;padding-bottom: 50px !important;}&#8221;][vc_column width=&#8221;1\/2&#8243;][vc_column_text]<\/p>\n<p style=\"text-align: justify;\">Opatija (italiano: Abbazia) \u00e8 un&#8217;affascinante citt\u00e0 costiera nel Golfo del Quarnero, conosciuta anche come la &#8220;Perla dell&#8217;Adriatico&#8221; e la &#8220;Regina del turismo&#8221;. Il clima piacevole la rende una destinazione perfetta durante tutto l&#8217;anno. Si trova ai piedi del monte U\u010dka, che lo protegge dai venti forti, il clima \u00e8 moderatamente mediterraneo con inverni leggeri ed estati sopportabili.<\/p>\n<p style=\"text-align: justify;\">\u00c8 un&#8217;oasi di ricca storia e cultura la cui tradizione turistica \u00e8 iniziata nel 1844. Un tempo era un luogo di cura invernale preferito, e oggi \u00e8 una destinazione estiva e invernale desiderabile per gli amanti del benessere, di molti turisti e per le vacanze di qualit\u00e0.<\/p>\n<p style=\"text-align: justify;\">\u00c8 decorata di un gran numero di monumenti, dalla chiesa di Sv. Jakov nel centro di Opatija, da cui monastero\u00a0 la citt\u00e0 di Opatija ha preso il nome, della casa estiva Angiolina, che ha ospitato molte celebrit\u00e0 famose, fino a bellissimi parchi, spiagge e passeggiate. Il lungomare di Francesco Giuseppe, noto come il Lungomare, \u00e8\u00a0 preferito e magico perch\u00e9 ti porta lungo il mare attraverso la storia di Abbazia e le sue attrazioni come la Ragazza con il gabbiano, la statua pi\u00f9 famosa e simbolo di Opatija.<\/p>\n<p>[\/vc_column_text][\/vc_column][vc_column width=&#8221;1\/2&#8243;][vc_single_image image=&#8221;2693&#8243; img_size=&#8221;full&#8221; alignment=&#8221;center&#8221; parallax_ratio=&#8221;1&#8243;][\/vc_column][\/vc_row]<\/p>\n<\/div>","protected":false},"excerpt":{"rendered":"<p>[vc_row css=&#8221;.vc_custom_1621322471693{margin-bottom: 50px !important;border-bottom-width: 100px !important;padding-bottom: 50px !important;}&#8221;][vc_column width=&#8221;1\/2&#8243;][vc_column_text] Opatija (italiano: Abbazia) \u00e8 un&#8217;affascinante citt\u00e0 costiera nel Golfo del Quarnero, conosciuta anche come la &#8220;Perla dell&#8217;Adriatico&#8221; e la &#8220;Regina del [&hellip;]<\/p>\n","protected":false},"author":1,"featured_media":0,"parent":0,"menu_order":0,"comment_status":"closed","ping_status":"closed","template":"","meta":{"footnotes":""},"class_list":["post-3056","page","type-page","status-publish","hentry",null],"yoast_head":"<!-- This site is optimized with the Yoast SEO plugin v27.3 - https:\/\/yoast.com\/product\/yoast-seo-wordpress\/ -->\n<title>Opatija | Carmen Residence<\/title>\n<meta name=\"robots\" content=\"index, follow, max-snippet:-1, max-image-preview:large, max-video-preview:-1\" \/>\n<link rel=\"canonical\" href=\"https:\/\/carmenresidence.com\/it\/opatija\/\" \/>\n<meta property=\"og:locale\" content=\"it_IT\" \/>\n<meta property=\"og:type\" content=\"article\" \/>\n<meta property=\"og:title\" content=\"Opatija | Carmen Residence\" \/>\n<meta property=\"og:description\" content=\"[vc_row css=&#8221;.vc_custom_1621322471693{margin-bottom: 50px !important;border-bottom-width: 100px !important;padding-bottom: 50px !important;}&#8221;][vc_column width=&#8221;1\/2&#8243;][vc_column_text] Opatija (italiano: Abbazia) \u00e8 un&#8217;affascinante citt\u00e0 costiera nel Golfo del Quarnero, conosciuta anche come la &#8220;Perla dell&#8217;Adriatico&#8221; e la &#8220;Regina del [&hellip;]\" \/>\n<meta property=\"og:url\" content=\"https:\/\/carmenresidence.com\/it\/opatija\/\" \/>\n<meta property=\"og:site_name\" content=\"Carmen Residence\" \/>\n<meta property=\"article:publisher\" content=\"https:\/\/www.facebook.com\/carmenresidenceopatija\/\" \/>\n<meta property=\"article:modified_time\" content=\"2021-05-22T11:14:45+00:00\" \/>\n<meta name=\"twitter:card\" content=\"summary_large_image\" \/>\n<meta name=\"twitter:label1\" content=\"Tempo di lettura stimato\" \/>\n\t<meta name=\"twitter:data1\" content=\"1 minuto\" \/>\n<script type=\"application\/ld+json\" class=\"yoast-schema-graph\">{\"@context\":\"https:\\\/\\\/schema.org\",\"@graph\":[{\"@type\":\"WebPage\",\"@id\":\"https:\\\/\\\/carmenresidence.com\\\/it\\\/opatija\\\/\",\"url\":\"https:\\\/\\\/carmenresidence.com\\\/it\\\/opatija\\\/\",\"name\":\"Opatija | Carmen Residence\",\"isPartOf\":{\"@id\":\"https:\\\/\\\/carmenresidence.com\\\/it\\\/#website\"},\"datePublished\":\"2021-05-22T11:14:44+00:00\",\"dateModified\":\"2021-05-22T11:14:45+00:00\",\"breadcrumb\":{\"@id\":\"https:\\\/\\\/carmenresidence.com\\\/it\\\/opatija\\\/#breadcrumb\"},\"inLanguage\":\"it-IT\",\"potentialAction\":[{\"@type\":\"ReadAction\",\"target\":[\"https:\\\/\\\/carmenresidence.com\\\/it\\\/opatija\\\/\"]}]},{\"@type\":\"BreadcrumbList\",\"@id\":\"https:\\\/\\\/carmenresidence.com\\\/it\\\/opatija\\\/#breadcrumb\",\"itemListElement\":[{\"@type\":\"ListItem\",\"position\":1,\"name\":\"Po\u010detna stranica\",\"item\":\"https:\\\/\\\/carmenresidence.com\\\/it\\\/\"},{\"@type\":\"ListItem\",\"position\":2,\"name\":\"Opatija\"}]},{\"@type\":\"WebSite\",\"@id\":\"https:\\\/\\\/carmenresidence.com\\\/it\\\/#website\",\"url\":\"https:\\\/\\\/carmenresidence.com\\\/it\\\/\",\"name\":\"Carmen Residence\",\"description\":\"Opatija\",\"publisher\":{\"@id\":\"https:\\\/\\\/carmenresidence.com\\\/it\\\/#organization\"},\"potentialAction\":[{\"@type\":\"SearchAction\",\"target\":{\"@type\":\"EntryPoint\",\"urlTemplate\":\"https:\\\/\\\/carmenresidence.com\\\/it\\\/?s={search_term_string}\"},\"query-input\":{\"@type\":\"PropertyValueSpecification\",\"valueRequired\":true,\"valueName\":\"search_term_string\"}}],\"inLanguage\":\"it-IT\"},{\"@type\":\"Organization\",\"@id\":\"https:\\\/\\\/carmenresidence.com\\\/it\\\/#organization\",\"name\":\"Carmen Residence\",\"url\":\"https:\\\/\\\/carmenresidence.com\\\/it\\\/\",\"logo\":{\"@type\":\"ImageObject\",\"inLanguage\":\"it-IT\",\"@id\":\"https:\\\/\\\/carmenresidence.com\\\/it\\\/#\\\/schema\\\/logo\\\/image\\\/\",\"url\":\"https:\\\/\\\/carmenresidence.com\\\/wp-content\\\/uploads\\\/2021\\\/05\\\/Logo-Carmen.png\",\"contentUrl\":\"https:\\\/\\\/carmenresidence.com\\\/wp-content\\\/uploads\\\/2021\\\/05\\\/Logo-Carmen.png\",\"width\":225,\"height\":86,\"caption\":\"Carmen Residence\"},\"image\":{\"@id\":\"https:\\\/\\\/carmenresidence.com\\\/it\\\/#\\\/schema\\\/logo\\\/image\\\/\"},\"sameAs\":[\"https:\\\/\\\/www.facebook.com\\\/carmenresidenceopatija\\\/\",\"https:\\\/\\\/www.instagram.com\\\/opatijacarmenresidence\\\/\"]}]}<\/script>\n<!-- \/ Yoast SEO plugin. -->","yoast_head_json":{"title":"Opatija | Carmen Residence","robots":{"index":"index","follow":"follow","max-snippet":"max-snippet:-1","max-image-preview":"max-image-preview:large","max-video-preview":"max-video-preview:-1"},"canonical":"https:\/\/carmenresidence.com\/it\/opatija\/","og_locale":"it_IT","og_type":"article","og_title":"Opatija | Carmen Residence","og_description":"[vc_row css=&#8221;.vc_custom_1621322471693{margin-bottom: 50px !important;border-bottom-width: 100px !important;padding-bottom: 50px !important;}&#8221;][vc_column width=&#8221;1\/2&#8243;][vc_column_text] Opatija (italiano: Abbazia) \u00e8 un&#8217;affascinante citt\u00e0 costiera nel Golfo del Quarnero, conosciuta anche come la &#8220;Perla dell&#8217;Adriatico&#8221; e la &#8220;Regina del [&hellip;]","og_url":"https:\/\/carmenresidence.com\/it\/opatija\/","og_site_name":"Carmen Residence","article_publisher":"https:\/\/www.facebook.com\/carmenresidenceopatija\/","article_modified_time":"2021-05-22T11:14:45+00:00","twitter_card":"summary_large_image","twitter_misc":{"Tempo di lettura stimato":"1 minuto"},"schema":{"@context":"https:\/\/schema.org","@graph":[{"@type":"WebPage","@id":"https:\/\/carmenresidence.com\/it\/opatija\/","url":"https:\/\/carmenresidence.com\/it\/opatija\/","name":"Opatija | Carmen Residence","isPartOf":{"@id":"https:\/\/carmenresidence.com\/it\/#website"},"datePublished":"2021-05-22T11:14:44+00:00","dateModified":"2021-05-22T11:14:45+00:00","breadcrumb":{"@id":"https:\/\/carmenresidence.com\/it\/opatija\/#breadcrumb"},"inLanguage":"it-IT","potentialAction":[{"@type":"ReadAction","target":["https:\/\/carmenresidence.com\/it\/opatija\/"]}]},{"@type":"BreadcrumbList","@id":"https:\/\/carmenresidence.com\/it\/opatija\/#breadcrumb","itemListElement":[{"@type":"ListItem","position":1,"name":"Po\u010detna stranica","item":"https:\/\/carmenresidence.com\/it\/"},{"@type":"ListItem","position":2,"name":"Opatija"}]},{"@type":"WebSite","@id":"https:\/\/carmenresidence.com\/it\/#website","url":"https:\/\/carmenresidence.com\/it\/","name":"Carmen Residence","description":"Opatija","publisher":{"@id":"https:\/\/carmenresidence.com\/it\/#organization"},"potentialAction":[{"@type":"SearchAction","target":{"@type":"EntryPoint","urlTemplate":"https:\/\/carmenresidence.com\/it\/?s={search_term_string}"},"query-input":{"@type":"PropertyValueSpecification","valueRequired":true,"valueName":"search_term_string"}}],"inLanguage":"it-IT"},{"@type":"Organization","@id":"https:\/\/carmenresidence.com\/it\/#organization","name":"Carmen Residence","url":"https:\/\/carmenresidence.com\/it\/","logo":{"@type":"ImageObject","inLanguage":"it-IT","@id":"https:\/\/carmenresidence.com\/it\/#\/schema\/logo\/image\/","url":"https:\/\/carmenresidence.com\/wp-content\/uploads\/2021\/05\/Logo-Carmen.png","contentUrl":"https:\/\/carmenresidence.com\/wp-content\/uploads\/2021\/05\/Logo-Carmen.png","width":225,"height":86,"caption":"Carmen Residence"},"image":{"@id":"https:\/\/carmenresidence.com\/it\/#\/schema\/logo\/image\/"},"sameAs":["https:\/\/www.facebook.com\/carmenresidenceopatija\/","https:\/\/www.instagram.com\/opatijacarmenresidence\/"]}]}},"_links":{"self":[{"href":"https:\/\/carmenresidence.com\/it\/wp-json\/wp\/v2\/pages\/3056","targetHints":{"allow":["GET"]}}],"collection":[{"href":"https:\/\/carmenresidence.com\/it\/wp-json\/wp\/v2\/pages"}],"about":[{"href":"https:\/\/carmenresidence.com\/it\/wp-json\/wp\/v2\/types\/page"}],"author":[{"embeddable":true,"href":"https:\/\/carmenresidence.com\/it\/wp-json\/wp\/v2\/users\/1"}],"replies":[{"embeddable":true,"href":"https:\/\/carmenresidence.com\/it\/wp-json\/wp\/v2\/comments?post=3056"}],"version-history":[{"count":3,"href":"https:\/\/carmenresidence.com\/it\/wp-json\/wp\/v2\/pages\/3056\/revisions"}],"predecessor-version":[{"id":3059,"href":"https:\/\/carmenresidence.com\/it\/wp-json\/wp\/v2\/pages\/3056\/revisions\/3059"}],"wp:attachment":[{"href":"https:\/\/carmenresidence.com\/it\/wp-json\/wp\/v2\/media?parent=3056"}],"curies":[{"name":"wp","href":"https:\/\/api.w.org\/{rel}","templated":true}]}}