{"id":3011,"date":"2021-05-22T08:21:43","date_gmt":"2021-05-22T08:21:43","guid":{"rendered":"https:\/\/carmenresidence.com\/wellness\/"},"modified":"2026-03-25T13:53:25","modified_gmt":"2026-03-25T12:53:25","slug":"wellness","status":"publish","type":"page","link":"https:\/\/carmenresidence.com\/it\/wellness\/","title":{"rendered":"WELLNESS"},"content":{"rendered":"<div class=\"wpb-content-wrapper\"><p>[vc_row full_width=&#8221;stretch_row&#8221; full_height=&#8221;yes&#8221; content_placement=&#8221;middle&#8221; bg_slider=&#8221;kenburns&#8221; bottom_arrow=&#8221;on&#8221; bottom_arrow_color=&#8221;#ffffff&#8221; bg_slider_images=&#8221;6316,6320,6325,7728&#8243; css=&#8221;.vc_custom_1774442832220{margin-top: 0px !important;margin-bottom: 0px !important;padding-top: 0px !important;padding-bottom: 0px !important;}&#8221;][vc_column column_use_custom_typography=&#8221;1&#8243; column_use_custom_typography_color=&#8221;#ffffff&#8221; column_use_custom_typography_size=&#8221;&#8221; column_use_custom_typography_line_height=&#8221;&#8221; column_use_custom_typography_align=&#8221;center&#8221;][vc_column_text]PER UNA VACANZA DA SOGNO<\/p>\n<h1>WELLNESS<\/h1>\n<p>[\/vc_column_text][\/vc_column][\/vc_row][vc_row full_width=&#8221;stretch_row_content_no_spaces&#8221; content_placement=&#8221;middle&#8221; css=&#8221;.vc_custom_1539111657580{margin-top: 0px !important;margin-bottom: 0px !important;padding-top: 0px !important;padding-bottom: 0px !important;}&#8221;][vc_column width=&#8221;2\/3&#8243; css=&#8221;.vc_custom_1539111046307{margin-top: 0px !important;margin-bottom: 0px !important;padding-top: 0px !important;padding-bottom: 0px !important;}&#8221;][vc_single_image image=&#8221;6323&#8243; img_size=&#8221;full&#8221; css=&#8221;.vc_custom_1722936156353{margin-top: 0px !important;margin-bottom: 0px !important;padding-top: 0px !important;padding-bottom: 0px !important;}&#8221; parallax_ratio=&#8221;1.0&#8243;][\/vc_column][vc_column width=&#8221;1\/3&#8243; zero_padding_on_mobile=&#8221;on&#8221; zero_margin_on_mobile=&#8221;on&#8221; css=&#8221;.vc_custom_1542141734907{margin-top: 30px !important;margin-bottom: 30px !important;padding-right: 10% !important;padding-left: 10% !important;}&#8221;]<h4 class=\"ozy-divider-cap-center wpb_content_element \"  style=\"color:#2f2b2c\" >La tua oasi di pace<\/h4><div class=\"ozy-content-divider sh4 \" style=\"border-top-style:solid;border-top-width:2px;border-top-color:#2f2b2c!important;width:60px;max-width:60px;margin:20px auto;\"><\/div>[vc_column_text]<\/p>\n<p style=\"text-align: center;\">La nostra priorit\u00e0 \u00e8 offrirvi la vacanza dei vostri sogni, per questo il nostro centro benessere \u00e8 concepito come un&#8217;oasi di relax. Quest&#8217;area, progettata con cura, \u00e8 fruibile tutto l&#8217;anno e comprende una zona piscina con terrazza solarium, un&#8217;area fitness attrezzata e due saune finlandesi. <\/p>\n<p>[\/vc_column_text][\/vc_column][\/vc_row][vc_row full_width=&#8221;stretch_row_content_no_spaces&#8221; content_placement=&#8221;middle&#8221; css=&#8221;.vc_custom_1539111657580{margin-top: 0px !important;margin-bottom: 0px !important;padding-top: 0px !important;padding-bottom: 0px !important;}&#8221;][vc_column width=&#8221;1\/3&#8243; zero_padding_on_mobile=&#8221;on&#8221; zero_margin_on_mobile=&#8221;on&#8221; css=&#8221;.vc_custom_1542141774199{margin-top: 30px !important;margin-bottom: 30px !important;padding-right: 10% !important;padding-left: 10% !important;}&#8221;]<h4 class=\"ozy-divider-cap-center wpb_content_element \"  style=\"color:#2f2b2c\" >Piscina all&#039;aperto<\/h4><div class=\"ozy-content-divider sh4 \" style=\"border-top-style:solid;border-top-width:2px;border-top-color:#2f2b2c!important;width:60px;max-width:60px;margin:20px auto;\"><\/div>[vc_column_text]<\/p>\n<p style=\"text-align: center;\">Godetevi la vista spettacolare del blu del Mar Adriatico nell&#8217;atmosfera rilassante della nostra piscina e della terrazza solarium.<\/p>\n<p>[\/vc_column_text][\/vc_column][vc_column width=&#8221;2\/3&#8243; css=&#8221;.vc_custom_1539111939155{margin-top: 0px !important;margin-bottom: 0px !important;padding-top: 0px !important;padding-bottom: 0px !important;}&#8221;][vc_single_image image=&#8221;7748&#8243; img_size=&#8221;full&#8221; css=&#8221;.vc_custom_1774365489855{margin-top: 0px !important;margin-bottom: 0px !important;padding-top: 0px !important;padding-bottom: 0px !important;}&#8221; parallax_ratio=&#8221;1.0&#8243;][\/vc_column][\/vc_row]<\/p>\n<\/div>","protected":false},"excerpt":{"rendered":"<p>[vc_row full_width=&#8221;stretch_row&#8221; full_height=&#8221;yes&#8221; content_placement=&#8221;middle&#8221; bg_slider=&#8221;kenburns&#8221; bottom_arrow=&#8221;on&#8221; bottom_arrow_color=&#8221;#ffffff&#8221; bg_slider_images=&#8221;6316,6320,6325,7728&#8243; css=&#8221;.vc_custom_1774442832220{margin-top: 0px !important;margin-bottom: 0px !important;padding-top: 0px !important;padding-bottom: 0px !important;}&#8221;][vc_column column_use_custom_typography=&#8221;1&#8243; column_use_custom_typography_color=&#8221;#ffffff&#8221; column_use_custom_typography_size=&#8221;&#8221; column_use_custom_typography_line_height=&#8221;&#8221; column_use_custom_typography_align=&#8221;center&#8221;][vc_column_text]PER UNA VACANZA DA SOGNO WELLNESS [\/vc_column_text][\/vc_column][\/vc_row][vc_row full_width=&#8221;stretch_row_content_no_spaces&#8221; content_placement=&#8221;middle&#8221; [&hellip;]<\/p>\n","protected":false},"author":1,"featured_media":0,"parent":0,"menu_order":0,"comment_status":"closed","ping_status":"closed","template":"page-transparent-menu.php","meta":{"footnotes":""},"class_list":["post-3011","page","type-page","status-publish","hentry",null],"yoast_head":"<!-- This site is optimized with the Yoast SEO plugin v27.3 - https:\/\/yoast.com\/product\/yoast-seo-wordpress\/ -->\n<title>WELLNESS | Carmen Residence<\/title>\n<meta name=\"robots\" content=\"index, follow, max-snippet:-1, max-image-preview:large, max-video-preview:-1\" \/>\n<link rel=\"canonical\" href=\"https:\/\/carmenresidence.com\/it\/wellness\/\" \/>\n<meta property=\"og:locale\" content=\"it_IT\" \/>\n<meta property=\"og:type\" content=\"article\" \/>\n<meta property=\"og:title\" content=\"WELLNESS | Carmen Residence\" \/>\n<meta property=\"og:description\" content=\"[vc_row full_width=&#8221;stretch_row&#8221; full_height=&#8221;yes&#8221; content_placement=&#8221;middle&#8221; bg_slider=&#8221;kenburns&#8221; bottom_arrow=&#8221;on&#8221; bottom_arrow_color=&#8221;#ffffff&#8221; bg_slider_images=&#8221;6316,6320,6325,7728&#8243; css=&#8221;.vc_custom_1774442832220{margin-top: 0px !important;margin-bottom: 0px !important;padding-top: 0px !important;padding-bottom: 0px !important;}&#8221;][vc_column column_use_custom_typography=&#8221;1&#8243; column_use_custom_typography_color=&#8221;#ffffff&#8221; column_use_custom_typography_size=&#8221;&#8221; column_use_custom_typography_line_height=&#8221;&#8221; column_use_custom_typography_align=&#8221;center&#8221;][vc_column_text]PER UNA VACANZA DA SOGNO WELLNESS [\/vc_column_text][\/vc_column][\/vc_row][vc_row full_width=&#8221;stretch_row_content_no_spaces&#8221; content_placement=&#8221;middle&#8221; [&hellip;]\" \/>\n<meta property=\"og:url\" content=\"https:\/\/carmenresidence.com\/it\/wellness\/\" \/>\n<meta property=\"og:site_name\" content=\"Carmen Residence\" \/>\n<meta property=\"article:publisher\" content=\"https:\/\/www.facebook.com\/carmenresidenceopatija\/\" \/>\n<meta property=\"article:modified_time\" content=\"2026-03-25T12:53:25+00:00\" \/>\n<meta name=\"twitter:card\" content=\"summary_large_image\" \/>\n<meta name=\"twitter:label1\" content=\"Tempo di lettura stimato\" \/>\n\t<meta name=\"twitter:data1\" content=\"2 minuti\" \/>\n<script type=\"application\/ld+json\" class=\"yoast-schema-graph\">{\"@context\":\"https:\\\/\\\/schema.org\",\"@graph\":[{\"@type\":\"WebPage\",\"@id\":\"https:\\\/\\\/carmenresidence.com\\\/it\\\/wellness\\\/\",\"url\":\"https:\\\/\\\/carmenresidence.com\\\/it\\\/wellness\\\/\",\"name\":\"WELLNESS | Carmen Residence\",\"isPartOf\":{\"@id\":\"https:\\\/\\\/carmenresidence.com\\\/it\\\/#website\"},\"datePublished\":\"2021-05-22T08:21:43+00:00\",\"dateModified\":\"2026-03-25T12:53:25+00:00\",\"breadcrumb\":{\"@id\":\"https:\\\/\\\/carmenresidence.com\\\/it\\\/wellness\\\/#breadcrumb\"},\"inLanguage\":\"it-IT\",\"potentialAction\":[{\"@type\":\"ReadAction\",\"target\":[\"https:\\\/\\\/carmenresidence.com\\\/it\\\/wellness\\\/\"]}]},{\"@type\":\"BreadcrumbList\",\"@id\":\"https:\\\/\\\/carmenresidence.com\\\/it\\\/wellness\\\/#breadcrumb\",\"itemListElement\":[{\"@type\":\"ListItem\",\"position\":1,\"name\":\"Po\u010detna stranica\",\"item\":\"https:\\\/\\\/carmenresidence.com\\\/it\\\/\"},{\"@type\":\"ListItem\",\"position\":2,\"name\":\"WELLNESS\"}]},{\"@type\":\"WebSite\",\"@id\":\"https:\\\/\\\/carmenresidence.com\\\/it\\\/#website\",\"url\":\"https:\\\/\\\/carmenresidence.com\\\/it\\\/\",\"name\":\"Carmen Residence\",\"description\":\"Opatija\",\"publisher\":{\"@id\":\"https:\\\/\\\/carmenresidence.com\\\/it\\\/#organization\"},\"potentialAction\":[{\"@type\":\"SearchAction\",\"target\":{\"@type\":\"EntryPoint\",\"urlTemplate\":\"https:\\\/\\\/carmenresidence.com\\\/it\\\/?s={search_term_string}\"},\"query-input\":{\"@type\":\"PropertyValueSpecification\",\"valueRequired\":true,\"valueName\":\"search_term_string\"}}],\"inLanguage\":\"it-IT\"},{\"@type\":\"Organization\",\"@id\":\"https:\\\/\\\/carmenresidence.com\\\/it\\\/#organization\",\"name\":\"Carmen Residence\",\"url\":\"https:\\\/\\\/carmenresidence.com\\\/it\\\/\",\"logo\":{\"@type\":\"ImageObject\",\"inLanguage\":\"it-IT\",\"@id\":\"https:\\\/\\\/carmenresidence.com\\\/it\\\/#\\\/schema\\\/logo\\\/image\\\/\",\"url\":\"https:\\\/\\\/carmenresidence.com\\\/wp-content\\\/uploads\\\/2021\\\/05\\\/Logo-Carmen.png\",\"contentUrl\":\"https:\\\/\\\/carmenresidence.com\\\/wp-content\\\/uploads\\\/2021\\\/05\\\/Logo-Carmen.png\",\"width\":225,\"height\":86,\"caption\":\"Carmen Residence\"},\"image\":{\"@id\":\"https:\\\/\\\/carmenresidence.com\\\/it\\\/#\\\/schema\\\/logo\\\/image\\\/\"},\"sameAs\":[\"https:\\\/\\\/www.facebook.com\\\/carmenresidenceopatija\\\/\",\"https:\\\/\\\/www.instagram.com\\\/opatijacarmenresidence\\\/\"]}]}<\/script>\n<!-- \/ Yoast SEO plugin. -->","yoast_head_json":{"title":"WELLNESS | Carmen Residence","robots":{"index":"index","follow":"follow","max-snippet":"max-snippet:-1","max-image-preview":"max-image-preview:large","max-video-preview":"max-video-preview:-1"},"canonical":"https:\/\/carmenresidence.com\/it\/wellness\/","og_locale":"it_IT","og_type":"article","og_title":"WELLNESS | Carmen Residence","og_description":"[vc_row full_width=&#8221;stretch_row&#8221; full_height=&#8221;yes&#8221; content_placement=&#8221;middle&#8221; bg_slider=&#8221;kenburns&#8221; bottom_arrow=&#8221;on&#8221; bottom_arrow_color=&#8221;#ffffff&#8221; bg_slider_images=&#8221;6316,6320,6325,7728&#8243; css=&#8221;.vc_custom_1774442832220{margin-top: 0px !important;margin-bottom: 0px !important;padding-top: 0px !important;padding-bottom: 0px !important;}&#8221;][vc_column column_use_custom_typography=&#8221;1&#8243; column_use_custom_typography_color=&#8221;#ffffff&#8221; column_use_custom_typography_size=&#8221;&#8221; column_use_custom_typography_line_height=&#8221;&#8221; column_use_custom_typography_align=&#8221;center&#8221;][vc_column_text]PER UNA VACANZA DA SOGNO WELLNESS [\/vc_column_text][\/vc_column][\/vc_row][vc_row full_width=&#8221;stretch_row_content_no_spaces&#8221; content_placement=&#8221;middle&#8221; [&hellip;]","og_url":"https:\/\/carmenresidence.com\/it\/wellness\/","og_site_name":"Carmen Residence","article_publisher":"https:\/\/www.facebook.com\/carmenresidenceopatija\/","article_modified_time":"2026-03-25T12:53:25+00:00","twitter_card":"summary_large_image","twitter_misc":{"Tempo di lettura stimato":"2 minuti"},"schema":{"@context":"https:\/\/schema.org","@graph":[{"@type":"WebPage","@id":"https:\/\/carmenresidence.com\/it\/wellness\/","url":"https:\/\/carmenresidence.com\/it\/wellness\/","name":"WELLNESS | Carmen Residence","isPartOf":{"@id":"https:\/\/carmenresidence.com\/it\/#website"},"datePublished":"2021-05-22T08:21:43+00:00","dateModified":"2026-03-25T12:53:25+00:00","breadcrumb":{"@id":"https:\/\/carmenresidence.com\/it\/wellness\/#breadcrumb"},"inLanguage":"it-IT","potentialAction":[{"@type":"ReadAction","target":["https:\/\/carmenresidence.com\/it\/wellness\/"]}]},{"@type":"BreadcrumbList","@id":"https:\/\/carmenresidence.com\/it\/wellness\/#breadcrumb","itemListElement":[{"@type":"ListItem","position":1,"name":"Po\u010detna stranica","item":"https:\/\/carmenresidence.com\/it\/"},{"@type":"ListItem","position":2,"name":"WELLNESS"}]},{"@type":"WebSite","@id":"https:\/\/carmenresidence.com\/it\/#website","url":"https:\/\/carmenresidence.com\/it\/","name":"Carmen Residence","description":"Opatija","publisher":{"@id":"https:\/\/carmenresidence.com\/it\/#organization"},"potentialAction":[{"@type":"SearchAction","target":{"@type":"EntryPoint","urlTemplate":"https:\/\/carmenresidence.com\/it\/?s={search_term_string}"},"query-input":{"@type":"PropertyValueSpecification","valueRequired":true,"valueName":"search_term_string"}}],"inLanguage":"it-IT"},{"@type":"Organization","@id":"https:\/\/carmenresidence.com\/it\/#organization","name":"Carmen Residence","url":"https:\/\/carmenresidence.com\/it\/","logo":{"@type":"ImageObject","inLanguage":"it-IT","@id":"https:\/\/carmenresidence.com\/it\/#\/schema\/logo\/image\/","url":"https:\/\/carmenresidence.com\/wp-content\/uploads\/2021\/05\/Logo-Carmen.png","contentUrl":"https:\/\/carmenresidence.com\/wp-content\/uploads\/2021\/05\/Logo-Carmen.png","width":225,"height":86,"caption":"Carmen Residence"},"image":{"@id":"https:\/\/carmenresidence.com\/it\/#\/schema\/logo\/image\/"},"sameAs":["https:\/\/www.facebook.com\/carmenresidenceopatija\/","https:\/\/www.instagram.com\/opatijacarmenresidence\/"]}]}},"_links":{"self":[{"href":"https:\/\/carmenresidence.com\/it\/wp-json\/wp\/v2\/pages\/3011","targetHints":{"allow":["GET"]}}],"collection":[{"href":"https:\/\/carmenresidence.com\/it\/wp-json\/wp\/v2\/pages"}],"about":[{"href":"https:\/\/carmenresidence.com\/it\/wp-json\/wp\/v2\/types\/page"}],"author":[{"embeddable":true,"href":"https:\/\/carmenresidence.com\/it\/wp-json\/wp\/v2\/users\/1"}],"replies":[{"embeddable":true,"href":"https:\/\/carmenresidence.com\/it\/wp-json\/wp\/v2\/comments?post=3011"}],"version-history":[{"count":17,"href":"https:\/\/carmenresidence.com\/it\/wp-json\/wp\/v2\/pages\/3011\/revisions"}],"predecessor-version":[{"id":7752,"href":"https:\/\/carmenresidence.com\/it\/wp-json\/wp\/v2\/pages\/3011\/revisions\/7752"}],"wp:attachment":[{"href":"https:\/\/carmenresidence.com\/it\/wp-json\/wp\/v2\/media?parent=3011"}],"curies":[{"name":"wp","href":"https:\/\/api.w.org\/{rel}","templated":true}]}}