{"id":3117,"date":"2021-05-22T13:42:44","date_gmt":"2021-05-22T13:42:44","guid":{"rendered":"https:\/\/carmenresidence.com\/smart-home-technologie\/"},"modified":"2021-06-07T21:54:36","modified_gmt":"2021-06-07T20:54:36","slug":"smart-home-technologie","status":"publish","type":"page","link":"https:\/\/carmenresidence.com\/de\/smart-home-technologie\/","title":{"rendered":"Smart Home-Technologie"},"content":{"rendered":"<div class=\"wpb-content-wrapper\"><p>[vc_row][vc_column][vc_single_image image=&#8220;3120&#8243; img_size=&#8220;full&#8220; alignment=&#8220;center&#8220; parallax_ratio=&#8220;1&#8243;][\/vc_column][\/vc_row][vc_row css=&#8220;.vc_custom_1621429714232{border-top-width: -100px !important;}&#8220;][vc_column width=&#8220;1\/2&#8243;][vc_column_text]<\/p>\n<p style=\"text-align: justify;\">Die Funktionen einer Wohnung zu bet\u00e4tigen, war noch nie so einfach. Ganz egal, ob Sie die Klimaanlage einschalten m\u00f6chten, wenn Sie vom Strand zur\u00fcckkehren, um von einem Apartment mit einer idealen Temperatur empfangen zu werden, oder das Licht ausschalten m\u00f6chten, ohne aufstehen zu m\u00fcssen.<\/p>\n<p style=\"text-align: justify;\">Unsere Apartments sind mit der Smart-Technologie ausgestattet, was eine einfache Handhabung erm\u00f6glicht und allt\u00e4gliche Aktivit\u00e4ten vereinfacht, und zwar nur mit einem Klick, ganz egal ob im Apartment oder drau\u00dfen.<\/p>\n<p>[\/vc_column_text][\/vc_column][vc_column width=&#8220;1\/2&#8243;][vc_column_text]<\/p>\n<ul>\n<li>Lichtmanagement<\/li>\n<li>Heizungs- \/ K\u00fchlungssteuerung (Klimaanlage)<\/li>\n<li>Blinde Kontrolle<\/li>\n<li>Eingangskontrolle (schl\u00fcsselloses Geb\u00e4ude, Zugang zum Geb\u00e4ude per RFID-Karte oder Mobiltelefon)<\/li>\n<li>Fernzugriffskontrolle<\/li>\n<li>Zugang zur Garage per RFID-Karte oder Handy<\/li>\n<li>Sauna- und Wellnessautomatisierung<\/li>\n<\/ul>\n<p>[\/vc_column_text][\/vc_column][\/vc_row]<\/p>\n<\/div>","protected":false},"excerpt":{"rendered":"<p>[vc_row][vc_column][vc_single_image image=&#8220;3120&#8243; img_size=&#8220;full&#8220; alignment=&#8220;center&#8220; parallax_ratio=&#8220;1&#8243;][\/vc_column][\/vc_row][vc_row css=&#8220;.vc_custom_1621429714232{border-top-width: -100px !important;}&#8220;][vc_column width=&#8220;1\/2&#8243;][vc_column_text] Die Funktionen einer Wohnung zu bet\u00e4tigen, war noch nie so einfach. Ganz egal, ob Sie die Klimaanlage einschalten m\u00f6chten, wenn Sie [&hellip;]<\/p>\n","protected":false},"author":1,"featured_media":0,"parent":0,"menu_order":0,"comment_status":"closed","ping_status":"closed","template":"","meta":{"footnotes":""},"class_list":["post-3117","page","type-page","status-publish","hentry",null],"yoast_head":"<!-- This site is optimized with the Yoast SEO plugin v27.3 - https:\/\/yoast.com\/product\/yoast-seo-wordpress\/ -->\n<title>Smart Home-Technologie | Carmen Residence<\/title>\n<meta name=\"robots\" content=\"index, follow, max-snippet:-1, max-image-preview:large, max-video-preview:-1\" \/>\n<link rel=\"canonical\" href=\"https:\/\/carmenresidence.com\/de\/smart-home-technologie\/\" \/>\n<meta property=\"og:locale\" content=\"de_DE\" \/>\n<meta property=\"og:type\" content=\"article\" \/>\n<meta property=\"og:title\" content=\"Smart Home-Technologie | Carmen Residence\" \/>\n<meta property=\"og:description\" content=\"[vc_row][vc_column][vc_single_image image=&#8220;3120&#8243; img_size=&#8220;full&#8220; alignment=&#8220;center&#8220; parallax_ratio=&#8220;1&#8243;][\/vc_column][\/vc_row][vc_row css=&#8220;.vc_custom_1621429714232{border-top-width: -100px !important;}&#8220;][vc_column width=&#8220;1\/2&#8243;][vc_column_text] Die Funktionen einer Wohnung zu bet\u00e4tigen, war noch nie so einfach. Ganz egal, ob Sie die Klimaanlage einschalten m\u00f6chten, wenn Sie [&hellip;]\" \/>\n<meta property=\"og:url\" content=\"https:\/\/carmenresidence.com\/de\/smart-home-technologie\/\" \/>\n<meta property=\"og:site_name\" content=\"Carmen Residence\" \/>\n<meta property=\"article:publisher\" content=\"https:\/\/www.facebook.com\/carmenresidenceopatija\/\" \/>\n<meta property=\"article:modified_time\" content=\"2021-06-07T20:54:36+00:00\" \/>\n<meta name=\"twitter:card\" content=\"summary_large_image\" \/>\n<meta name=\"twitter:label1\" content=\"Gesch\u00e4tzte Lesezeit\" \/>\n\t<meta name=\"twitter:data1\" content=\"1\u00a0Minute\" \/>\n<script type=\"application\/ld+json\" class=\"yoast-schema-graph\">{\"@context\":\"https:\\\/\\\/schema.org\",\"@graph\":[{\"@type\":\"WebPage\",\"@id\":\"https:\\\/\\\/carmenresidence.com\\\/de\\\/smart-home-technologie\\\/\",\"url\":\"https:\\\/\\\/carmenresidence.com\\\/de\\\/smart-home-technologie\\\/\",\"name\":\"Smart Home-Technologie | Carmen Residence\",\"isPartOf\":{\"@id\":\"https:\\\/\\\/carmenresidence.com\\\/de\\\/#website\"},\"datePublished\":\"2021-05-22T13:42:44+00:00\",\"dateModified\":\"2021-06-07T20:54:36+00:00\",\"breadcrumb\":{\"@id\":\"https:\\\/\\\/carmenresidence.com\\\/de\\\/smart-home-technologie\\\/#breadcrumb\"},\"inLanguage\":\"de\",\"potentialAction\":[{\"@type\":\"ReadAction\",\"target\":[\"https:\\\/\\\/carmenresidence.com\\\/de\\\/smart-home-technologie\\\/\"]}]},{\"@type\":\"BreadcrumbList\",\"@id\":\"https:\\\/\\\/carmenresidence.com\\\/de\\\/smart-home-technologie\\\/#breadcrumb\",\"itemListElement\":[{\"@type\":\"ListItem\",\"position\":1,\"name\":\"Po\u010detna stranica\",\"item\":\"https:\\\/\\\/carmenresidence.com\\\/de\\\/\"},{\"@type\":\"ListItem\",\"position\":2,\"name\":\"Smart Home-Technologie\"}]},{\"@type\":\"WebSite\",\"@id\":\"https:\\\/\\\/carmenresidence.com\\\/de\\\/#website\",\"url\":\"https:\\\/\\\/carmenresidence.com\\\/de\\\/\",\"name\":\"Carmen Residence\",\"description\":\"Opatija\",\"publisher\":{\"@id\":\"https:\\\/\\\/carmenresidence.com\\\/de\\\/#organization\"},\"potentialAction\":[{\"@type\":\"SearchAction\",\"target\":{\"@type\":\"EntryPoint\",\"urlTemplate\":\"https:\\\/\\\/carmenresidence.com\\\/de\\\/?s={search_term_string}\"},\"query-input\":{\"@type\":\"PropertyValueSpecification\",\"valueRequired\":true,\"valueName\":\"search_term_string\"}}],\"inLanguage\":\"de\"},{\"@type\":\"Organization\",\"@id\":\"https:\\\/\\\/carmenresidence.com\\\/de\\\/#organization\",\"name\":\"Carmen Residence\",\"url\":\"https:\\\/\\\/carmenresidence.com\\\/de\\\/\",\"logo\":{\"@type\":\"ImageObject\",\"inLanguage\":\"de\",\"@id\":\"https:\\\/\\\/carmenresidence.com\\\/de\\\/#\\\/schema\\\/logo\\\/image\\\/\",\"url\":\"https:\\\/\\\/carmenresidence.com\\\/wp-content\\\/uploads\\\/2021\\\/05\\\/Logo-Carmen.png\",\"contentUrl\":\"https:\\\/\\\/carmenresidence.com\\\/wp-content\\\/uploads\\\/2021\\\/05\\\/Logo-Carmen.png\",\"width\":225,\"height\":86,\"caption\":\"Carmen Residence\"},\"image\":{\"@id\":\"https:\\\/\\\/carmenresidence.com\\\/de\\\/#\\\/schema\\\/logo\\\/image\\\/\"},\"sameAs\":[\"https:\\\/\\\/www.facebook.com\\\/carmenresidenceopatija\\\/\",\"https:\\\/\\\/www.instagram.com\\\/opatijacarmenresidence\\\/\"]}]}<\/script>\n<!-- \/ Yoast SEO plugin. -->","yoast_head_json":{"title":"Smart Home-Technologie | Carmen Residence","robots":{"index":"index","follow":"follow","max-snippet":"max-snippet:-1","max-image-preview":"max-image-preview:large","max-video-preview":"max-video-preview:-1"},"canonical":"https:\/\/carmenresidence.com\/de\/smart-home-technologie\/","og_locale":"de_DE","og_type":"article","og_title":"Smart Home-Technologie | Carmen Residence","og_description":"[vc_row][vc_column][vc_single_image image=&#8220;3120&#8243; img_size=&#8220;full&#8220; alignment=&#8220;center&#8220; parallax_ratio=&#8220;1&#8243;][\/vc_column][\/vc_row][vc_row css=&#8220;.vc_custom_1621429714232{border-top-width: -100px !important;}&#8220;][vc_column width=&#8220;1\/2&#8243;][vc_column_text] Die Funktionen einer Wohnung zu bet\u00e4tigen, war noch nie so einfach. Ganz egal, ob Sie die Klimaanlage einschalten m\u00f6chten, wenn Sie [&hellip;]","og_url":"https:\/\/carmenresidence.com\/de\/smart-home-technologie\/","og_site_name":"Carmen Residence","article_publisher":"https:\/\/www.facebook.com\/carmenresidenceopatija\/","article_modified_time":"2021-06-07T20:54:36+00:00","twitter_card":"summary_large_image","twitter_misc":{"Gesch\u00e4tzte Lesezeit":"1\u00a0Minute"},"schema":{"@context":"https:\/\/schema.org","@graph":[{"@type":"WebPage","@id":"https:\/\/carmenresidence.com\/de\/smart-home-technologie\/","url":"https:\/\/carmenresidence.com\/de\/smart-home-technologie\/","name":"Smart Home-Technologie | Carmen Residence","isPartOf":{"@id":"https:\/\/carmenresidence.com\/de\/#website"},"datePublished":"2021-05-22T13:42:44+00:00","dateModified":"2021-06-07T20:54:36+00:00","breadcrumb":{"@id":"https:\/\/carmenresidence.com\/de\/smart-home-technologie\/#breadcrumb"},"inLanguage":"de","potentialAction":[{"@type":"ReadAction","target":["https:\/\/carmenresidence.com\/de\/smart-home-technologie\/"]}]},{"@type":"BreadcrumbList","@id":"https:\/\/carmenresidence.com\/de\/smart-home-technologie\/#breadcrumb","itemListElement":[{"@type":"ListItem","position":1,"name":"Po\u010detna stranica","item":"https:\/\/carmenresidence.com\/de\/"},{"@type":"ListItem","position":2,"name":"Smart Home-Technologie"}]},{"@type":"WebSite","@id":"https:\/\/carmenresidence.com\/de\/#website","url":"https:\/\/carmenresidence.com\/de\/","name":"Carmen Residence","description":"Opatija","publisher":{"@id":"https:\/\/carmenresidence.com\/de\/#organization"},"potentialAction":[{"@type":"SearchAction","target":{"@type":"EntryPoint","urlTemplate":"https:\/\/carmenresidence.com\/de\/?s={search_term_string}"},"query-input":{"@type":"PropertyValueSpecification","valueRequired":true,"valueName":"search_term_string"}}],"inLanguage":"de"},{"@type":"Organization","@id":"https:\/\/carmenresidence.com\/de\/#organization","name":"Carmen Residence","url":"https:\/\/carmenresidence.com\/de\/","logo":{"@type":"ImageObject","inLanguage":"de","@id":"https:\/\/carmenresidence.com\/de\/#\/schema\/logo\/image\/","url":"https:\/\/carmenresidence.com\/wp-content\/uploads\/2021\/05\/Logo-Carmen.png","contentUrl":"https:\/\/carmenresidence.com\/wp-content\/uploads\/2021\/05\/Logo-Carmen.png","width":225,"height":86,"caption":"Carmen Residence"},"image":{"@id":"https:\/\/carmenresidence.com\/de\/#\/schema\/logo\/image\/"},"sameAs":["https:\/\/www.facebook.com\/carmenresidenceopatija\/","https:\/\/www.instagram.com\/opatijacarmenresidence\/"]}]}},"_links":{"self":[{"href":"https:\/\/carmenresidence.com\/de\/wp-json\/wp\/v2\/pages\/3117","targetHints":{"allow":["GET"]}}],"collection":[{"href":"https:\/\/carmenresidence.com\/de\/wp-json\/wp\/v2\/pages"}],"about":[{"href":"https:\/\/carmenresidence.com\/de\/wp-json\/wp\/v2\/types\/page"}],"author":[{"embeddable":true,"href":"https:\/\/carmenresidence.com\/de\/wp-json\/wp\/v2\/users\/1"}],"replies":[{"embeddable":true,"href":"https:\/\/carmenresidence.com\/de\/wp-json\/wp\/v2\/comments?post=3117"}],"version-history":[{"count":6,"href":"https:\/\/carmenresidence.com\/de\/wp-json\/wp\/v2\/pages\/3117\/revisions"}],"predecessor-version":[{"id":5195,"href":"https:\/\/carmenresidence.com\/de\/wp-json\/wp\/v2\/pages\/3117\/revisions\/5195"}],"wp:attachment":[{"href":"https:\/\/carmenresidence.com\/de\/wp-json\/wp\/v2\/media?parent=3117"}],"curies":[{"name":"wp","href":"https:\/\/api.w.org\/{rel}","templated":true}]}}