{"id":3079,"date":"2021-05-22T11:28:31","date_gmt":"2021-05-22T11:28:31","guid":{"rendered":"https:\/\/carmenresidence.com\/ueber-uns\/"},"modified":"2021-06-07T21:53:44","modified_gmt":"2021-06-07T20:53:44","slug":"ueber-uns","status":"publish","type":"page","link":"https:\/\/carmenresidence.com\/de\/ueber-uns\/","title":{"rendered":"\u00dcber uns"},"content":{"rendered":"<div class=\"wpb-content-wrapper\"><p>[vc_row css=&#8220;.vc_custom_1621322471693{margin-bottom: 50px !important;border-bottom-width: 100px !important;padding-bottom: 50px !important;}&#8220;][vc_column width=&#8220;1\/2&#8243;][vc_column_text]<\/p>\n<p style=\"text-align: justify;\">Es ist nicht nur die reiche Geschichte dieser Stadt, die etwas Besonderes ist, sondern auch die Geschichte, die sich hinter unserem Namen verbirgt. Carmen Sylve war das Pseudonym von Elisabeth zu Wied (1843), der Schriftstellerin und ersten K\u00f6nigin von Rum\u00e4nien, der Opatija sehr am Herzen lag. Sie stammt aus einer gro\u00dfen Adelsfamilie und wurde in der am Rhein liegenden Stadt Neuwied geboren. Sie heiratete 1869 den rum\u00e4nischen Herrscher Prinz Karl von Hohenzollern-Sigmaringen, der 1881 zum ersten K\u00f6nig Rum\u00e4niens gekr\u00f6nt wurde.<\/p>\n<p>[\/vc_column_text][vc_column_text]<\/p>\n<p style=\"text-align: justify;\">Elisabeth mochte Opatija sehr und fand oftmals auf einer in den Fels gehauenen Bank an der heutigen Spazierroute Carmen Sylve ihre Inspiration f\u00fcr das Schreiben ihrer international ausgezeichneten Gedichte, Dramen und Romane. Da sich unser Haus in der N\u00e4he der erw\u00e4hnten Spazierroute befindet und wir Ihnen w\u00e4hrend Ihres Aufenthalts gerne einen Teil der Geschichte dieses Ortes n\u00e4her bringen w\u00fcrden, werden Sie Carmen Sylve durch ihre Verse oder Portr\u00e4ts begegnen.<\/p>\n<p>[\/vc_column_text][\/vc_column][vc_column width=&#8220;1\/2&#8243;][vc_single_image image=&#8220;3086&#8243; img_size=&#8220;full&#8220; alignment=&#8220;center&#8220; parallax_ratio=&#8220;1&#8243;][\/vc_column][\/vc_row][vc_section full_width=&#8220;stretch_row&#8220; css=&#8220;.vc_custom_1621326447264{background-image: url(http:\/\/carmenresidence.com\/wp-content\/uploads\/2021\/05\/POZADINA-O-NAMA.jpg?id=2424) !important;}&#8220;][vc_row full_width=&#8220;stretch_row&#8220; css=&#8220;.vc_custom_1621326496790{padding-top: 50px !important;padding-bottom: 50px !important;}&#8220;][vc_column][vc_custom_heading text=&#8220;Service Angebote&#8220; font_container=&#8220;tag:h2|text_align:center|color:%23ffffff&#8220; use_theme_fonts=&#8220;yes&#8220;][\/vc_column][\/vc_row][vc_row full_width=&#8220;stretch_row&#8220;][vc_column width=&#8220;1\/3&#8243;]<div id=\"tile-with-icon_icon1\" class=\"title-with-icon-wrapper rectangle medium \" data-color=\"\"  style=\"\">\r\n\t\t\t<div class=\"wpb_content_element title-with-icon clearfix \"><span  style=\"color:#c59d5f !important;background-color: !important;\" class=\"oic-sunway1-014-swimming-pool rectangle medium \" ><\/span><h4 style=\"color:#ffffff\">Wellness &amp; Spa<\/h4>\r\n\t\t\t<\/div><\/div>[\/vc_column][vc_column width=&#8220;1\/3&#8243;]<div id=\"tile-with-icon_icon2\" class=\"title-with-icon-wrapper rectangle medium \" data-color=\"\"  style=\"\">\r\n\t\t\t<div class=\"wpb_content_element title-with-icon clearfix \"><span  style=\"color:#c59d5f !important;background-color: !important;\" class=\"oic-sunway3-028-charge rectangle medium \" ><\/span><h4 style=\"color:#ffffff\">Punionica za elektri\u010dne automobile<\/h4>\r\n\t\t\t<\/div><\/div>[\/vc_column][vc_column width=&#8220;1\/3&#8243;]<div id=\"tile-with-icon_icon3\" class=\"title-with-icon-wrapper rectangle medium \" data-color=\"\"  style=\"\">\r\n\t\t\t<div class=\"wpb_content_element title-with-icon clearfix \"><span  style=\"color:#c59d5f !important;background-color: !important;\" class=\"oic-wifi-3 rectangle medium \" ><\/span><h4 style=\"color:#ffffff\">Besplatna be\u017ei\u010dna mre\u017ea<\/h4>\r\n\t\t\t<\/div><\/div>[\/vc_column][\/vc_row][vc_row full_width=&#8220;stretch_row&#8220;][vc_column width=&#8220;1\/3&#8243;]<div id=\"tile-with-icon_icon4\" class=\"title-with-icon-wrapper rectangle medium \" data-color=\"\"  style=\"\">\r\n\t\t\t<div class=\"wpb_content_element title-with-icon clearfix \"><span  style=\"color:#c59d5f !important;background-color: !important;\" class=\"oic-wheelchair rectangle medium \" ><\/span><h4 style=\"color:#ffffff\">Pristup za osobe sa invaliditetom<\/h4>\r\n\t\t\t<\/div><\/div>[\/vc_column][vc_column width=&#8220;1\/3&#8243;]<div id=\"tile-with-icon_icon5\" class=\"title-with-icon-wrapper rectangle medium \" data-color=\"\"  style=\"\">\r\n\t\t\t<div class=\"wpb_content_element title-with-icon clearfix \"><span  style=\"color:#c59d5f !important;background-color: !important;\" class=\"oic-sunway3-003-swimming-pool rectangle medium \" ><\/span><h4 style=\"color:#ffffff\">Bazen i terasa za sun\u010danje<\/h4>\r\n\t\t\t<\/div><\/div>[\/vc_column][vc_column width=&#8220;1\/3&#8243;]<div id=\"tile-with-icon_icon6\" class=\"title-with-icon-wrapper rectangle medium \" data-color=\"\"  style=\"\">\r\n\t\t\t<div class=\"wpb_content_element title-with-icon clearfix \"><span  style=\"color:#c59d5f !important;background-color: !important;\" class=\"oic-sunway3-010-pet rectangle medium \" ><\/span><h4 style=\"color:#ffffff\">Pet Friendly<\/h4>\r\n\t\t\t<\/div><\/div>[\/vc_column][\/vc_row][vc_row full_width=&#8220;stretch_row&#8220; css=&#8220;.vc_custom_1621326489103{padding-bottom: 50px !important;}&#8220;][vc_column width=&#8220;1\/3&#8243;][\/vc_column][vc_column width=&#8220;1\/3&#8243;]<div id=\"tile-with-icon_icon7\" class=\"title-with-icon-wrapper rectangle medium \" data-color=\"\"  style=\"\">\r\n\t\t\t<div class=\"wpb_content_element title-with-icon clearfix \"><span  style=\"color:#c59d5f !important;background-color: !important;\" class=\"oic-iphone-streamline rectangle medium \" ><\/span><h4 style=\"color:#ffffff\">Smart Home sistem<\/h4>\r\n\t\t\t<\/div><\/div>[\/vc_column][vc_column width=&#8220;1\/3&#8243;][\/vc_column][\/vc_row][\/vc_section]<\/p>\n<\/div>","protected":false},"excerpt":{"rendered":"<p>[vc_row css=&#8220;.vc_custom_1621322471693{margin-bottom: 50px !important;border-bottom-width: 100px !important;padding-bottom: 50px !important;}&#8220;][vc_column width=&#8220;1\/2&#8243;][vc_column_text] Es ist nicht nur die reiche Geschichte dieser Stadt, die etwas Besonderes ist, sondern auch die Geschichte, die sich hinter unserem [&hellip;]<\/p>\n","protected":false},"author":1,"featured_media":0,"parent":0,"menu_order":0,"comment_status":"closed","ping_status":"closed","template":"","meta":{"footnotes":""},"class_list":["post-3079","page","type-page","status-publish","hentry",null],"yoast_head":"<!-- This site is optimized with the Yoast SEO plugin v27.3 - https:\/\/yoast.com\/product\/yoast-seo-wordpress\/ -->\n<title>\u00dcber uns | Carmen Residence<\/title>\n<meta name=\"robots\" content=\"index, follow, max-snippet:-1, max-image-preview:large, max-video-preview:-1\" \/>\n<link rel=\"canonical\" href=\"https:\/\/carmenresidence.com\/de\/ueber-uns\/\" \/>\n<meta property=\"og:locale\" content=\"de_DE\" \/>\n<meta property=\"og:type\" content=\"article\" \/>\n<meta property=\"og:title\" content=\"\u00dcber uns | Carmen Residence\" \/>\n<meta property=\"og:description\" content=\"[vc_row css=&#8220;.vc_custom_1621322471693{margin-bottom: 50px !important;border-bottom-width: 100px !important;padding-bottom: 50px !important;}&#8220;][vc_column width=&#8220;1\/2&#8243;][vc_column_text] Es ist nicht nur die reiche Geschichte dieser Stadt, die etwas Besonderes ist, sondern auch die Geschichte, die sich hinter unserem [&hellip;]\" \/>\n<meta property=\"og:url\" content=\"https:\/\/carmenresidence.com\/de\/ueber-uns\/\" \/>\n<meta property=\"og:site_name\" content=\"Carmen Residence\" \/>\n<meta property=\"article:publisher\" content=\"https:\/\/www.facebook.com\/carmenresidenceopatija\/\" \/>\n<meta property=\"article:modified_time\" content=\"2021-06-07T20:53:44+00:00\" \/>\n<meta name=\"twitter:card\" content=\"summary_large_image\" \/>\n<meta name=\"twitter:label1\" content=\"Gesch\u00e4tzte Lesezeit\" \/>\n\t<meta name=\"twitter:data1\" content=\"3\u00a0Minuten\" \/>\n<script type=\"application\/ld+json\" class=\"yoast-schema-graph\">{\"@context\":\"https:\\\/\\\/schema.org\",\"@graph\":[{\"@type\":\"WebPage\",\"@id\":\"https:\\\/\\\/carmenresidence.com\\\/de\\\/ueber-uns\\\/\",\"url\":\"https:\\\/\\\/carmenresidence.com\\\/de\\\/ueber-uns\\\/\",\"name\":\"\u00dcber uns | Carmen Residence\",\"isPartOf\":{\"@id\":\"https:\\\/\\\/carmenresidence.com\\\/de\\\/#website\"},\"datePublished\":\"2021-05-22T11:28:31+00:00\",\"dateModified\":\"2021-06-07T20:53:44+00:00\",\"breadcrumb\":{\"@id\":\"https:\\\/\\\/carmenresidence.com\\\/de\\\/ueber-uns\\\/#breadcrumb\"},\"inLanguage\":\"de\",\"potentialAction\":[{\"@type\":\"ReadAction\",\"target\":[\"https:\\\/\\\/carmenresidence.com\\\/de\\\/ueber-uns\\\/\"]}]},{\"@type\":\"BreadcrumbList\",\"@id\":\"https:\\\/\\\/carmenresidence.com\\\/de\\\/ueber-uns\\\/#breadcrumb\",\"itemListElement\":[{\"@type\":\"ListItem\",\"position\":1,\"name\":\"Po\u010detna stranica\",\"item\":\"https:\\\/\\\/carmenresidence.com\\\/de\\\/\"},{\"@type\":\"ListItem\",\"position\":2,\"name\":\"\u00dcber uns\"}]},{\"@type\":\"WebSite\",\"@id\":\"https:\\\/\\\/carmenresidence.com\\\/de\\\/#website\",\"url\":\"https:\\\/\\\/carmenresidence.com\\\/de\\\/\",\"name\":\"Carmen Residence\",\"description\":\"Opatija\",\"publisher\":{\"@id\":\"https:\\\/\\\/carmenresidence.com\\\/de\\\/#organization\"},\"potentialAction\":[{\"@type\":\"SearchAction\",\"target\":{\"@type\":\"EntryPoint\",\"urlTemplate\":\"https:\\\/\\\/carmenresidence.com\\\/de\\\/?s={search_term_string}\"},\"query-input\":{\"@type\":\"PropertyValueSpecification\",\"valueRequired\":true,\"valueName\":\"search_term_string\"}}],\"inLanguage\":\"de\"},{\"@type\":\"Organization\",\"@id\":\"https:\\\/\\\/carmenresidence.com\\\/de\\\/#organization\",\"name\":\"Carmen Residence\",\"url\":\"https:\\\/\\\/carmenresidence.com\\\/de\\\/\",\"logo\":{\"@type\":\"ImageObject\",\"inLanguage\":\"de\",\"@id\":\"https:\\\/\\\/carmenresidence.com\\\/de\\\/#\\\/schema\\\/logo\\\/image\\\/\",\"url\":\"https:\\\/\\\/carmenresidence.com\\\/wp-content\\\/uploads\\\/2021\\\/05\\\/Logo-Carmen.png\",\"contentUrl\":\"https:\\\/\\\/carmenresidence.com\\\/wp-content\\\/uploads\\\/2021\\\/05\\\/Logo-Carmen.png\",\"width\":225,\"height\":86,\"caption\":\"Carmen Residence\"},\"image\":{\"@id\":\"https:\\\/\\\/carmenresidence.com\\\/de\\\/#\\\/schema\\\/logo\\\/image\\\/\"},\"sameAs\":[\"https:\\\/\\\/www.facebook.com\\\/carmenresidenceopatija\\\/\",\"https:\\\/\\\/www.instagram.com\\\/opatijacarmenresidence\\\/\"]}]}<\/script>\n<!-- \/ Yoast SEO plugin. -->","yoast_head_json":{"title":"\u00dcber uns | Carmen Residence","robots":{"index":"index","follow":"follow","max-snippet":"max-snippet:-1","max-image-preview":"max-image-preview:large","max-video-preview":"max-video-preview:-1"},"canonical":"https:\/\/carmenresidence.com\/de\/ueber-uns\/","og_locale":"de_DE","og_type":"article","og_title":"\u00dcber uns | Carmen Residence","og_description":"[vc_row css=&#8220;.vc_custom_1621322471693{margin-bottom: 50px !important;border-bottom-width: 100px !important;padding-bottom: 50px !important;}&#8220;][vc_column width=&#8220;1\/2&#8243;][vc_column_text] Es ist nicht nur die reiche Geschichte dieser Stadt, die etwas Besonderes ist, sondern auch die Geschichte, die sich hinter unserem [&hellip;]","og_url":"https:\/\/carmenresidence.com\/de\/ueber-uns\/","og_site_name":"Carmen Residence","article_publisher":"https:\/\/www.facebook.com\/carmenresidenceopatija\/","article_modified_time":"2021-06-07T20:53:44+00:00","twitter_card":"summary_large_image","twitter_misc":{"Gesch\u00e4tzte Lesezeit":"3\u00a0Minuten"},"schema":{"@context":"https:\/\/schema.org","@graph":[{"@type":"WebPage","@id":"https:\/\/carmenresidence.com\/de\/ueber-uns\/","url":"https:\/\/carmenresidence.com\/de\/ueber-uns\/","name":"\u00dcber uns | Carmen Residence","isPartOf":{"@id":"https:\/\/carmenresidence.com\/de\/#website"},"datePublished":"2021-05-22T11:28:31+00:00","dateModified":"2021-06-07T20:53:44+00:00","breadcrumb":{"@id":"https:\/\/carmenresidence.com\/de\/ueber-uns\/#breadcrumb"},"inLanguage":"de","potentialAction":[{"@type":"ReadAction","target":["https:\/\/carmenresidence.com\/de\/ueber-uns\/"]}]},{"@type":"BreadcrumbList","@id":"https:\/\/carmenresidence.com\/de\/ueber-uns\/#breadcrumb","itemListElement":[{"@type":"ListItem","position":1,"name":"Po\u010detna stranica","item":"https:\/\/carmenresidence.com\/de\/"},{"@type":"ListItem","position":2,"name":"\u00dcber uns"}]},{"@type":"WebSite","@id":"https:\/\/carmenresidence.com\/de\/#website","url":"https:\/\/carmenresidence.com\/de\/","name":"Carmen Residence","description":"Opatija","publisher":{"@id":"https:\/\/carmenresidence.com\/de\/#organization"},"potentialAction":[{"@type":"SearchAction","target":{"@type":"EntryPoint","urlTemplate":"https:\/\/carmenresidence.com\/de\/?s={search_term_string}"},"query-input":{"@type":"PropertyValueSpecification","valueRequired":true,"valueName":"search_term_string"}}],"inLanguage":"de"},{"@type":"Organization","@id":"https:\/\/carmenresidence.com\/de\/#organization","name":"Carmen Residence","url":"https:\/\/carmenresidence.com\/de\/","logo":{"@type":"ImageObject","inLanguage":"de","@id":"https:\/\/carmenresidence.com\/de\/#\/schema\/logo\/image\/","url":"https:\/\/carmenresidence.com\/wp-content\/uploads\/2021\/05\/Logo-Carmen.png","contentUrl":"https:\/\/carmenresidence.com\/wp-content\/uploads\/2021\/05\/Logo-Carmen.png","width":225,"height":86,"caption":"Carmen Residence"},"image":{"@id":"https:\/\/carmenresidence.com\/de\/#\/schema\/logo\/image\/"},"sameAs":["https:\/\/www.facebook.com\/carmenresidenceopatija\/","https:\/\/www.instagram.com\/opatijacarmenresidence\/"]}]}},"_links":{"self":[{"href":"https:\/\/carmenresidence.com\/de\/wp-json\/wp\/v2\/pages\/3079","targetHints":{"allow":["GET"]}}],"collection":[{"href":"https:\/\/carmenresidence.com\/de\/wp-json\/wp\/v2\/pages"}],"about":[{"href":"https:\/\/carmenresidence.com\/de\/wp-json\/wp\/v2\/types\/page"}],"author":[{"embeddable":true,"href":"https:\/\/carmenresidence.com\/de\/wp-json\/wp\/v2\/users\/1"}],"replies":[{"embeddable":true,"href":"https:\/\/carmenresidence.com\/de\/wp-json\/wp\/v2\/comments?post=3079"}],"version-history":[{"count":10,"href":"https:\/\/carmenresidence.com\/de\/wp-json\/wp\/v2\/pages\/3079\/revisions"}],"predecessor-version":[{"id":5191,"href":"https:\/\/carmenresidence.com\/de\/wp-json\/wp\/v2\/pages\/3079\/revisions\/5191"}],"wp:attachment":[{"href":"https:\/\/carmenresidence.com\/de\/wp-json\/wp\/v2\/media?parent=3079"}],"curies":[{"name":"wp","href":"https:\/\/api.w.org\/{rel}","templated":true}]}}