{"id":3052,"date":"2021-05-22T11:13:30","date_gmt":"2021-05-22T11:13:30","guid":{"rendered":"https:\/\/carmenresidence.com\/opatija\/"},"modified":"2021-05-22T11:13:31","modified_gmt":"2021-05-22T11:13:31","slug":"opatija","status":"publish","type":"page","link":"https:\/\/carmenresidence.com\/de\/opatija\/","title":{"rendered":"Opatija"},"content":{"rendered":"<div class=\"wpb-content-wrapper\"><p>[vc_row css=&#8220;.vc_custom_1621322471693{margin-bottom: 50px !important;border-bottom-width: 100px !important;padding-bottom: 50px !important;}&#8220;][vc_column width=&#8220;1\/2&#8243;][vc_column_text]<\/p>\n<p style=\"text-align: justify;\">Opatija (Ital. Abbazia) ist eine in der Kvarner-Bucht gelegene scharmante Seestadt, die auch als \u201ePerle der Adria\u201c und \u201eK\u00f6nigin des Tourismus\u201c bekannt ist. Ein angenehmes und mildes Klima macht diesen Ort zu einem Perfektion Urlaubsdesort w\u00e4hrend des ganzen Jahres \u00fcber. Sie befindet sich im Fu\u00dfe des Berges U\u010dka, welche die Stadt vor starken Winden sch\u00fctzt. Das Klima ist ein gem\u00e4\u00dfigtes mediterranes Klima mit milden Wintern und ertragbaren Sommern.<\/p>\n<p style=\"text-align: justify;\">Es ist eine Oase mit reicher Geschichte und Kultur, deren touristische Tradition bereits 1844 begann. Fr\u00fcher war die Stadt ein beliebter Winterkurort und heute ist es ein begehrtes Sommer- und Winterurlaubsziel f\u00fcr Wellnessliebhaber und zahlreiche Touristen, welche auf der Suche nach einer wundersch\u00f6nen Erholung sind.<\/p>\n<p style=\"text-align: justify;\">Es gibt eine Vielzahl von Sehensw\u00fcrdigkeiten, von der Kirche des Heiligen Jakobs im Zentrum von Opatija, nach deren benediktinischen Abtei die Stadt Opatija auch ihren Namen bekam (\u201eOpatija\u201c bedeutet \u201eAbtei\u201c), \u00fcber das Sommerhaus Angiolina, das zahlreiche ber\u00fchmten Pers\u00f6nlichkeiten zu Gast hatte, bis hin zu wundersch\u00f6nen Parks, Str\u00e4nden und Promenaden. Die Franz-Joseph-Promenade, bekannt als Lungomare, ist beliebt und wahrhaftig magisch, welche Sie entlang des Meeres auf eine Reise durch die Geschichte von Opatija und zu deren Sehensw\u00fcrdigkeiten f\u00fchren wird, wie dem wohl bekanntesten Symbol von Opatija, der Statue \u201eM\u00e4dchen mit der M\u00f6we\u201c.<\/p>\n<p>[\/vc_column_text][\/vc_column][vc_column width=&#8220;1\/2&#8243;][vc_single_image image=&#8220;2692&#8243; img_size=&#8220;full&#8220; alignment=&#8220;center&#8220; parallax_ratio=&#8220;1&#8243;][\/vc_column][\/vc_row]<\/p>\n<\/div>","protected":false},"excerpt":{"rendered":"<p>[vc_row css=&#8220;.vc_custom_1621322471693{margin-bottom: 50px !important;border-bottom-width: 100px !important;padding-bottom: 50px !important;}&#8220;][vc_column width=&#8220;1\/2&#8243;][vc_column_text] Opatija (Ital. Abbazia) ist eine in der Kvarner-Bucht gelegene scharmante Seestadt, die auch als \u201ePerle der Adria\u201c und \u201eK\u00f6nigin des Tourismus\u201c [&hellip;]<\/p>\n","protected":false},"author":1,"featured_media":0,"parent":0,"menu_order":0,"comment_status":"closed","ping_status":"closed","template":"","meta":{"footnotes":""},"class_list":["post-3052","page","type-page","status-publish","hentry",null],"yoast_head":"<!-- This site is optimized with the Yoast SEO plugin v27.3 - https:\/\/yoast.com\/product\/yoast-seo-wordpress\/ -->\n<title>Opatija | Carmen Residence<\/title>\n<meta name=\"robots\" content=\"index, follow, max-snippet:-1, max-image-preview:large, max-video-preview:-1\" \/>\n<link rel=\"canonical\" href=\"https:\/\/carmenresidence.com\/de\/opatija\/\" \/>\n<meta property=\"og:locale\" content=\"de_DE\" \/>\n<meta property=\"og:type\" content=\"article\" \/>\n<meta property=\"og:title\" content=\"Opatija | Carmen Residence\" \/>\n<meta property=\"og:description\" content=\"[vc_row css=&#8220;.vc_custom_1621322471693{margin-bottom: 50px !important;border-bottom-width: 100px !important;padding-bottom: 50px !important;}&#8220;][vc_column width=&#8220;1\/2&#8243;][vc_column_text] Opatija (Ital. Abbazia) ist eine in der Kvarner-Bucht gelegene scharmante Seestadt, die auch als \u201ePerle der Adria\u201c und \u201eK\u00f6nigin des Tourismus\u201c [&hellip;]\" \/>\n<meta property=\"og:url\" content=\"https:\/\/carmenresidence.com\/de\/opatija\/\" \/>\n<meta property=\"og:site_name\" content=\"Carmen Residence\" \/>\n<meta property=\"article:publisher\" content=\"https:\/\/www.facebook.com\/carmenresidenceopatija\/\" \/>\n<meta property=\"article:modified_time\" content=\"2021-05-22T11:13:31+00:00\" \/>\n<meta name=\"twitter:card\" content=\"summary_large_image\" \/>\n<meta name=\"twitter:label1\" content=\"Gesch\u00e4tzte Lesezeit\" \/>\n\t<meta name=\"twitter:data1\" content=\"1\u00a0Minute\" \/>\n<script type=\"application\/ld+json\" class=\"yoast-schema-graph\">{\"@context\":\"https:\\\/\\\/schema.org\",\"@graph\":[{\"@type\":\"WebPage\",\"@id\":\"https:\\\/\\\/carmenresidence.com\\\/de\\\/opatija\\\/\",\"url\":\"https:\\\/\\\/carmenresidence.com\\\/de\\\/opatija\\\/\",\"name\":\"Opatija | Carmen Residence\",\"isPartOf\":{\"@id\":\"https:\\\/\\\/carmenresidence.com\\\/de\\\/#website\"},\"datePublished\":\"2021-05-22T11:13:30+00:00\",\"dateModified\":\"2021-05-22T11:13:31+00:00\",\"breadcrumb\":{\"@id\":\"https:\\\/\\\/carmenresidence.com\\\/de\\\/opatija\\\/#breadcrumb\"},\"inLanguage\":\"de\",\"potentialAction\":[{\"@type\":\"ReadAction\",\"target\":[\"https:\\\/\\\/carmenresidence.com\\\/de\\\/opatija\\\/\"]}]},{\"@type\":\"BreadcrumbList\",\"@id\":\"https:\\\/\\\/carmenresidence.com\\\/de\\\/opatija\\\/#breadcrumb\",\"itemListElement\":[{\"@type\":\"ListItem\",\"position\":1,\"name\":\"Po\u010detna stranica\",\"item\":\"https:\\\/\\\/carmenresidence.com\\\/de\\\/\"},{\"@type\":\"ListItem\",\"position\":2,\"name\":\"Opatija\"}]},{\"@type\":\"WebSite\",\"@id\":\"https:\\\/\\\/carmenresidence.com\\\/de\\\/#website\",\"url\":\"https:\\\/\\\/carmenresidence.com\\\/de\\\/\",\"name\":\"Carmen Residence\",\"description\":\"Opatija\",\"publisher\":{\"@id\":\"https:\\\/\\\/carmenresidence.com\\\/de\\\/#organization\"},\"potentialAction\":[{\"@type\":\"SearchAction\",\"target\":{\"@type\":\"EntryPoint\",\"urlTemplate\":\"https:\\\/\\\/carmenresidence.com\\\/de\\\/?s={search_term_string}\"},\"query-input\":{\"@type\":\"PropertyValueSpecification\",\"valueRequired\":true,\"valueName\":\"search_term_string\"}}],\"inLanguage\":\"de\"},{\"@type\":\"Organization\",\"@id\":\"https:\\\/\\\/carmenresidence.com\\\/de\\\/#organization\",\"name\":\"Carmen Residence\",\"url\":\"https:\\\/\\\/carmenresidence.com\\\/de\\\/\",\"logo\":{\"@type\":\"ImageObject\",\"inLanguage\":\"de\",\"@id\":\"https:\\\/\\\/carmenresidence.com\\\/de\\\/#\\\/schema\\\/logo\\\/image\\\/\",\"url\":\"https:\\\/\\\/carmenresidence.com\\\/wp-content\\\/uploads\\\/2021\\\/05\\\/Logo-Carmen.png\",\"contentUrl\":\"https:\\\/\\\/carmenresidence.com\\\/wp-content\\\/uploads\\\/2021\\\/05\\\/Logo-Carmen.png\",\"width\":225,\"height\":86,\"caption\":\"Carmen Residence\"},\"image\":{\"@id\":\"https:\\\/\\\/carmenresidence.com\\\/de\\\/#\\\/schema\\\/logo\\\/image\\\/\"},\"sameAs\":[\"https:\\\/\\\/www.facebook.com\\\/carmenresidenceopatija\\\/\",\"https:\\\/\\\/www.instagram.com\\\/opatijacarmenresidence\\\/\"]}]}<\/script>\n<!-- \/ Yoast SEO plugin. -->","yoast_head_json":{"title":"Opatija | Carmen Residence","robots":{"index":"index","follow":"follow","max-snippet":"max-snippet:-1","max-image-preview":"max-image-preview:large","max-video-preview":"max-video-preview:-1"},"canonical":"https:\/\/carmenresidence.com\/de\/opatija\/","og_locale":"de_DE","og_type":"article","og_title":"Opatija | Carmen Residence","og_description":"[vc_row css=&#8220;.vc_custom_1621322471693{margin-bottom: 50px !important;border-bottom-width: 100px !important;padding-bottom: 50px !important;}&#8220;][vc_column width=&#8220;1\/2&#8243;][vc_column_text] Opatija (Ital. Abbazia) ist eine in der Kvarner-Bucht gelegene scharmante Seestadt, die auch als \u201ePerle der Adria\u201c und \u201eK\u00f6nigin des Tourismus\u201c [&hellip;]","og_url":"https:\/\/carmenresidence.com\/de\/opatija\/","og_site_name":"Carmen Residence","article_publisher":"https:\/\/www.facebook.com\/carmenresidenceopatija\/","article_modified_time":"2021-05-22T11:13:31+00:00","twitter_card":"summary_large_image","twitter_misc":{"Gesch\u00e4tzte Lesezeit":"1\u00a0Minute"},"schema":{"@context":"https:\/\/schema.org","@graph":[{"@type":"WebPage","@id":"https:\/\/carmenresidence.com\/de\/opatija\/","url":"https:\/\/carmenresidence.com\/de\/opatija\/","name":"Opatija | Carmen Residence","isPartOf":{"@id":"https:\/\/carmenresidence.com\/de\/#website"},"datePublished":"2021-05-22T11:13:30+00:00","dateModified":"2021-05-22T11:13:31+00:00","breadcrumb":{"@id":"https:\/\/carmenresidence.com\/de\/opatija\/#breadcrumb"},"inLanguage":"de","potentialAction":[{"@type":"ReadAction","target":["https:\/\/carmenresidence.com\/de\/opatija\/"]}]},{"@type":"BreadcrumbList","@id":"https:\/\/carmenresidence.com\/de\/opatija\/#breadcrumb","itemListElement":[{"@type":"ListItem","position":1,"name":"Po\u010detna stranica","item":"https:\/\/carmenresidence.com\/de\/"},{"@type":"ListItem","position":2,"name":"Opatija"}]},{"@type":"WebSite","@id":"https:\/\/carmenresidence.com\/de\/#website","url":"https:\/\/carmenresidence.com\/de\/","name":"Carmen Residence","description":"Opatija","publisher":{"@id":"https:\/\/carmenresidence.com\/de\/#organization"},"potentialAction":[{"@type":"SearchAction","target":{"@type":"EntryPoint","urlTemplate":"https:\/\/carmenresidence.com\/de\/?s={search_term_string}"},"query-input":{"@type":"PropertyValueSpecification","valueRequired":true,"valueName":"search_term_string"}}],"inLanguage":"de"},{"@type":"Organization","@id":"https:\/\/carmenresidence.com\/de\/#organization","name":"Carmen Residence","url":"https:\/\/carmenresidence.com\/de\/","logo":{"@type":"ImageObject","inLanguage":"de","@id":"https:\/\/carmenresidence.com\/de\/#\/schema\/logo\/image\/","url":"https:\/\/carmenresidence.com\/wp-content\/uploads\/2021\/05\/Logo-Carmen.png","contentUrl":"https:\/\/carmenresidence.com\/wp-content\/uploads\/2021\/05\/Logo-Carmen.png","width":225,"height":86,"caption":"Carmen Residence"},"image":{"@id":"https:\/\/carmenresidence.com\/de\/#\/schema\/logo\/image\/"},"sameAs":["https:\/\/www.facebook.com\/carmenresidenceopatija\/","https:\/\/www.instagram.com\/opatijacarmenresidence\/"]}]}},"_links":{"self":[{"href":"https:\/\/carmenresidence.com\/de\/wp-json\/wp\/v2\/pages\/3052","targetHints":{"allow":["GET"]}}],"collection":[{"href":"https:\/\/carmenresidence.com\/de\/wp-json\/wp\/v2\/pages"}],"about":[{"href":"https:\/\/carmenresidence.com\/de\/wp-json\/wp\/v2\/types\/page"}],"author":[{"embeddable":true,"href":"https:\/\/carmenresidence.com\/de\/wp-json\/wp\/v2\/users\/1"}],"replies":[{"embeddable":true,"href":"https:\/\/carmenresidence.com\/de\/wp-json\/wp\/v2\/comments?post=3052"}],"version-history":[{"count":3,"href":"https:\/\/carmenresidence.com\/de\/wp-json\/wp\/v2\/pages\/3052\/revisions"}],"predecessor-version":[{"id":3055,"href":"https:\/\/carmenresidence.com\/de\/wp-json\/wp\/v2\/pages\/3052\/revisions\/3055"}],"wp:attachment":[{"href":"https:\/\/carmenresidence.com\/de\/wp-json\/wp\/v2\/media?parent=3052"}],"curies":[{"name":"wp","href":"https:\/\/api.w.org\/{rel}","templated":true}]}}