{"id":2983,"date":"2021-05-22T08:18:49","date_gmt":"2021-05-22T08:18:49","guid":{"rendered":"https:\/\/carmenresidence.com\/wellness\/"},"modified":"2026-03-25T13:51:47","modified_gmt":"2026-03-25T12:51:47","slug":"wellness","status":"publish","type":"page","link":"https:\/\/carmenresidence.com\/de\/wellness\/","title":{"rendered":"WELLNESS"},"content":{"rendered":"<div class=\"wpb-content-wrapper\"><p>[vc_row full_width=&#8220;stretch_row&#8220; full_height=&#8220;yes&#8220; content_placement=&#8220;middle&#8220; bg_slider=&#8220;kenburns&#8220; bottom_arrow=&#8220;on&#8220; bottom_arrow_color=&#8220;#ffffff&#8220; bg_slider_images=&#8220;6316,6320,6325,7728&#8243; css=&#8220;.vc_custom_1774442832220{margin-top: 0px !important;margin-bottom: 0px !important;padding-top: 0px !important;padding-bottom: 0px !important;}&#8220;][vc_column column_use_custom_typography=&#8220;1&#8243; column_use_custom_typography_color=&#8220;#ffffff&#8220; column_use_custom_typography_size=&#8220;&#8220; column_use_custom_typography_line_height=&#8220;&#8220; column_use_custom_typography_align=&#8220;center&#8220;][vc_column_text]F\u00dcR EINEN TRAUMLAUF<\/p>\n<h1>WELLNESS<\/h1>\n<p>[\/vc_column_text][\/vc_column][\/vc_row][vc_row full_width=&#8220;stretch_row_content_no_spaces&#8220; content_placement=&#8220;middle&#8220; css=&#8220;.vc_custom_1539111657580{margin-top: 0px !important;margin-bottom: 0px !important;padding-top: 0px !important;padding-bottom: 0px !important;}&#8220;][vc_column width=&#8220;2\/3&#8243; css=&#8220;.vc_custom_1539111046307{margin-top: 0px !important;margin-bottom: 0px !important;padding-top: 0px !important;padding-bottom: 0px !important;}&#8220;][vc_single_image image=&#8220;6322&#8243; img_size=&#8220;full&#8220; css=&#8220;.vc_custom_1722936156353{margin-top: 0px !important;margin-bottom: 0px !important;padding-top: 0px !important;padding-bottom: 0px !important;}&#8220; parallax_ratio=&#8220;1.0&#8243;][\/vc_column][vc_column width=&#8220;1\/3&#8243; zero_padding_on_mobile=&#8220;on&#8220; zero_margin_on_mobile=&#8220;on&#8220; css=&#8220;.vc_custom_1542141734907{margin-top: 30px !important;margin-bottom: 30px !important;padding-right: 10% !important;padding-left: 10% !important;}&#8220;]<h4 class=\"ozy-divider-cap-center wpb_content_element \"  style=\"color:#2f2b2c\" >Ihre Oase der Ruhe<\/h4><div class=\"ozy-content-divider sh4 \" style=\"border-top-style:solid;border-top-width:2px;border-top-color:#2f2b2c!important;width:60px;max-width:60px;margin:20px auto;\"><\/div>[vc_column_text]<\/p>\n<p style=\"text-align: center;\">Unser oberstes Ziel ist es, Ihnen den Urlaub Ihrer Tr\u00e4ume zu erm\u00f6glichen. Deshalb ist unser Wellnessbereich als Oase der Entspannung konzipiert. Dieser sorgf\u00e4ltig gestaltete Bereich ist f\u00fcr die ganzj\u00e4hrige Nutzung vorgesehen und besteht aus einem Poolbereich mit Sonnenterrasse, einem Trainingsbereich mit Fitnessger\u00e4ten und zwei finnischen Saunen.<\/p>\n<p>[\/vc_column_text][\/vc_column][\/vc_row][vc_row full_width=&#8220;stretch_row_content_no_spaces&#8220; content_placement=&#8220;middle&#8220; css=&#8220;.vc_custom_1539111657580{margin-top: 0px !important;margin-bottom: 0px !important;padding-top: 0px !important;padding-bottom: 0px !important;}&#8220;][vc_column width=&#8220;1\/3&#8243; zero_padding_on_mobile=&#8220;on&#8220; zero_margin_on_mobile=&#8220;on&#8220; css=&#8220;.vc_custom_1542141774199{margin-top: 30px !important;margin-bottom: 30px !important;padding-right: 10% !important;padding-left: 10% !important;}&#8220;]<h4 class=\"ozy-divider-cap-center wpb_content_element \"  style=\"color:#2f2b2c\" >Au\u00dfen Pool<\/h4><div class=\"ozy-content-divider sh4 \" style=\"border-top-style:solid;border-top-width:2px;border-top-color:#2f2b2c!important;width:60px;max-width:60px;margin:20px auto;\"><\/div>[vc_column_text]<\/p>\n<p style=\"text-align: center;\">Genie\u00dfen Sie den spektakul\u00e4ren Blick auf das blaue Adriatische Meer und die entspannende Atmosph\u00e4re unseres Swimmingpools und unserer Sonnenterrasse.<\/p>\n<p>[\/vc_column_text][\/vc_column][vc_column width=&#8220;2\/3&#8243; css=&#8220;.vc_custom_1539111939155{margin-top: 0px !important;margin-bottom: 0px !important;padding-top: 0px !important;padding-bottom: 0px !important;}&#8220;][vc_single_image image=&#8220;7743&#8243; img_size=&#8220;full&#8220; css=&#8220;.vc_custom_1774365489855{margin-top: 0px !important;margin-bottom: 0px !important;padding-top: 0px !important;padding-bottom: 0px !important;}&#8220; parallax_ratio=&#8220;1.0&#8243;][\/vc_column][\/vc_row]<\/p>\n<\/div>","protected":false},"excerpt":{"rendered":"<p>[vc_row full_width=&#8220;stretch_row&#8220; full_height=&#8220;yes&#8220; content_placement=&#8220;middle&#8220; bg_slider=&#8220;kenburns&#8220; bottom_arrow=&#8220;on&#8220; bottom_arrow_color=&#8220;#ffffff&#8220; bg_slider_images=&#8220;6316,6320,6325,7728&#8243; css=&#8220;.vc_custom_1774442832220{margin-top: 0px !important;margin-bottom: 0px !important;padding-top: 0px !important;padding-bottom: 0px !important;}&#8220;][vc_column column_use_custom_typography=&#8220;1&#8243; column_use_custom_typography_color=&#8220;#ffffff&#8220; column_use_custom_typography_size=&#8220;&#8220; column_use_custom_typography_line_height=&#8220;&#8220; column_use_custom_typography_align=&#8220;center&#8220;][vc_column_text]F\u00dcR EINEN TRAUMLAUF WELLNESS [\/vc_column_text][\/vc_column][\/vc_row][vc_row full_width=&#8220;stretch_row_content_no_spaces&#8220; content_placement=&#8220;middle&#8220; css=&#8220;.vc_custom_1539111657580{margin-top: 0px [&hellip;]<\/p>\n","protected":false},"author":1,"featured_media":0,"parent":0,"menu_order":0,"comment_status":"closed","ping_status":"closed","template":"page-transparent-menu.php","meta":{"footnotes":""},"class_list":["post-2983","page","type-page","status-publish","hentry",null],"yoast_head":"<!-- This site is optimized with the Yoast SEO plugin v27.3 - https:\/\/yoast.com\/product\/yoast-seo-wordpress\/ -->\n<title>WELLNESS | Carmen Residence<\/title>\n<meta name=\"robots\" content=\"index, follow, max-snippet:-1, max-image-preview:large, max-video-preview:-1\" \/>\n<link rel=\"canonical\" href=\"https:\/\/carmenresidence.com\/de\/wellness\/\" \/>\n<meta property=\"og:locale\" content=\"de_DE\" \/>\n<meta property=\"og:type\" content=\"article\" \/>\n<meta property=\"og:title\" content=\"WELLNESS | Carmen Residence\" \/>\n<meta property=\"og:description\" content=\"[vc_row full_width=&#8220;stretch_row&#8220; full_height=&#8220;yes&#8220; content_placement=&#8220;middle&#8220; bg_slider=&#8220;kenburns&#8220; bottom_arrow=&#8220;on&#8220; bottom_arrow_color=&#8220;#ffffff&#8220; bg_slider_images=&#8220;6316,6320,6325,7728&#8243; css=&#8220;.vc_custom_1774442832220{margin-top: 0px !important;margin-bottom: 0px !important;padding-top: 0px !important;padding-bottom: 0px !important;}&#8220;][vc_column column_use_custom_typography=&#8220;1&#8243; column_use_custom_typography_color=&#8220;#ffffff&#8220; column_use_custom_typography_size=&#8220;&#8220; column_use_custom_typography_line_height=&#8220;&#8220; column_use_custom_typography_align=&#8220;center&#8220;][vc_column_text]F\u00dcR EINEN TRAUMLAUF WELLNESS [\/vc_column_text][\/vc_column][\/vc_row][vc_row full_width=&#8220;stretch_row_content_no_spaces&#8220; content_placement=&#8220;middle&#8220; css=&#8220;.vc_custom_1539111657580{margin-top: 0px [&hellip;]\" \/>\n<meta property=\"og:url\" content=\"https:\/\/carmenresidence.com\/de\/wellness\/\" \/>\n<meta property=\"og:site_name\" content=\"Carmen Residence\" \/>\n<meta property=\"article:publisher\" content=\"https:\/\/www.facebook.com\/carmenresidenceopatija\/\" \/>\n<meta property=\"article:modified_time\" content=\"2026-03-25T12:51:47+00:00\" \/>\n<meta name=\"twitter:card\" content=\"summary_large_image\" \/>\n<meta name=\"twitter:label1\" content=\"Gesch\u00e4tzte Lesezeit\" \/>\n\t<meta name=\"twitter:data1\" content=\"2\u00a0Minuten\" \/>\n<script type=\"application\/ld+json\" class=\"yoast-schema-graph\">{\"@context\":\"https:\\\/\\\/schema.org\",\"@graph\":[{\"@type\":\"WebPage\",\"@id\":\"https:\\\/\\\/carmenresidence.com\\\/de\\\/wellness\\\/\",\"url\":\"https:\\\/\\\/carmenresidence.com\\\/de\\\/wellness\\\/\",\"name\":\"WELLNESS | Carmen Residence\",\"isPartOf\":{\"@id\":\"https:\\\/\\\/carmenresidence.com\\\/de\\\/#website\"},\"datePublished\":\"2021-05-22T08:18:49+00:00\",\"dateModified\":\"2026-03-25T12:51:47+00:00\",\"breadcrumb\":{\"@id\":\"https:\\\/\\\/carmenresidence.com\\\/de\\\/wellness\\\/#breadcrumb\"},\"inLanguage\":\"de\",\"potentialAction\":[{\"@type\":\"ReadAction\",\"target\":[\"https:\\\/\\\/carmenresidence.com\\\/de\\\/wellness\\\/\"]}]},{\"@type\":\"BreadcrumbList\",\"@id\":\"https:\\\/\\\/carmenresidence.com\\\/de\\\/wellness\\\/#breadcrumb\",\"itemListElement\":[{\"@type\":\"ListItem\",\"position\":1,\"name\":\"Po\u010detna stranica\",\"item\":\"https:\\\/\\\/carmenresidence.com\\\/de\\\/\"},{\"@type\":\"ListItem\",\"position\":2,\"name\":\"WELLNESS\"}]},{\"@type\":\"WebSite\",\"@id\":\"https:\\\/\\\/carmenresidence.com\\\/de\\\/#website\",\"url\":\"https:\\\/\\\/carmenresidence.com\\\/de\\\/\",\"name\":\"Carmen Residence\",\"description\":\"Opatija\",\"publisher\":{\"@id\":\"https:\\\/\\\/carmenresidence.com\\\/de\\\/#organization\"},\"potentialAction\":[{\"@type\":\"SearchAction\",\"target\":{\"@type\":\"EntryPoint\",\"urlTemplate\":\"https:\\\/\\\/carmenresidence.com\\\/de\\\/?s={search_term_string}\"},\"query-input\":{\"@type\":\"PropertyValueSpecification\",\"valueRequired\":true,\"valueName\":\"search_term_string\"}}],\"inLanguage\":\"de\"},{\"@type\":\"Organization\",\"@id\":\"https:\\\/\\\/carmenresidence.com\\\/de\\\/#organization\",\"name\":\"Carmen Residence\",\"url\":\"https:\\\/\\\/carmenresidence.com\\\/de\\\/\",\"logo\":{\"@type\":\"ImageObject\",\"inLanguage\":\"de\",\"@id\":\"https:\\\/\\\/carmenresidence.com\\\/de\\\/#\\\/schema\\\/logo\\\/image\\\/\",\"url\":\"https:\\\/\\\/carmenresidence.com\\\/wp-content\\\/uploads\\\/2021\\\/05\\\/Logo-Carmen.png\",\"contentUrl\":\"https:\\\/\\\/carmenresidence.com\\\/wp-content\\\/uploads\\\/2021\\\/05\\\/Logo-Carmen.png\",\"width\":225,\"height\":86,\"caption\":\"Carmen Residence\"},\"image\":{\"@id\":\"https:\\\/\\\/carmenresidence.com\\\/de\\\/#\\\/schema\\\/logo\\\/image\\\/\"},\"sameAs\":[\"https:\\\/\\\/www.facebook.com\\\/carmenresidenceopatija\\\/\",\"https:\\\/\\\/www.instagram.com\\\/opatijacarmenresidence\\\/\"]}]}<\/script>\n<!-- \/ Yoast SEO plugin. -->","yoast_head_json":{"title":"WELLNESS | Carmen Residence","robots":{"index":"index","follow":"follow","max-snippet":"max-snippet:-1","max-image-preview":"max-image-preview:large","max-video-preview":"max-video-preview:-1"},"canonical":"https:\/\/carmenresidence.com\/de\/wellness\/","og_locale":"de_DE","og_type":"article","og_title":"WELLNESS | Carmen Residence","og_description":"[vc_row full_width=&#8220;stretch_row&#8220; full_height=&#8220;yes&#8220; content_placement=&#8220;middle&#8220; bg_slider=&#8220;kenburns&#8220; bottom_arrow=&#8220;on&#8220; bottom_arrow_color=&#8220;#ffffff&#8220; bg_slider_images=&#8220;6316,6320,6325,7728&#8243; css=&#8220;.vc_custom_1774442832220{margin-top: 0px !important;margin-bottom: 0px !important;padding-top: 0px !important;padding-bottom: 0px !important;}&#8220;][vc_column column_use_custom_typography=&#8220;1&#8243; column_use_custom_typography_color=&#8220;#ffffff&#8220; column_use_custom_typography_size=&#8220;&#8220; column_use_custom_typography_line_height=&#8220;&#8220; column_use_custom_typography_align=&#8220;center&#8220;][vc_column_text]F\u00dcR EINEN TRAUMLAUF WELLNESS [\/vc_column_text][\/vc_column][\/vc_row][vc_row full_width=&#8220;stretch_row_content_no_spaces&#8220; content_placement=&#8220;middle&#8220; css=&#8220;.vc_custom_1539111657580{margin-top: 0px [&hellip;]","og_url":"https:\/\/carmenresidence.com\/de\/wellness\/","og_site_name":"Carmen Residence","article_publisher":"https:\/\/www.facebook.com\/carmenresidenceopatija\/","article_modified_time":"2026-03-25T12:51:47+00:00","twitter_card":"summary_large_image","twitter_misc":{"Gesch\u00e4tzte Lesezeit":"2\u00a0Minuten"},"schema":{"@context":"https:\/\/schema.org","@graph":[{"@type":"WebPage","@id":"https:\/\/carmenresidence.com\/de\/wellness\/","url":"https:\/\/carmenresidence.com\/de\/wellness\/","name":"WELLNESS | Carmen Residence","isPartOf":{"@id":"https:\/\/carmenresidence.com\/de\/#website"},"datePublished":"2021-05-22T08:18:49+00:00","dateModified":"2026-03-25T12:51:47+00:00","breadcrumb":{"@id":"https:\/\/carmenresidence.com\/de\/wellness\/#breadcrumb"},"inLanguage":"de","potentialAction":[{"@type":"ReadAction","target":["https:\/\/carmenresidence.com\/de\/wellness\/"]}]},{"@type":"BreadcrumbList","@id":"https:\/\/carmenresidence.com\/de\/wellness\/#breadcrumb","itemListElement":[{"@type":"ListItem","position":1,"name":"Po\u010detna stranica","item":"https:\/\/carmenresidence.com\/de\/"},{"@type":"ListItem","position":2,"name":"WELLNESS"}]},{"@type":"WebSite","@id":"https:\/\/carmenresidence.com\/de\/#website","url":"https:\/\/carmenresidence.com\/de\/","name":"Carmen Residence","description":"Opatija","publisher":{"@id":"https:\/\/carmenresidence.com\/de\/#organization"},"potentialAction":[{"@type":"SearchAction","target":{"@type":"EntryPoint","urlTemplate":"https:\/\/carmenresidence.com\/de\/?s={search_term_string}"},"query-input":{"@type":"PropertyValueSpecification","valueRequired":true,"valueName":"search_term_string"}}],"inLanguage":"de"},{"@type":"Organization","@id":"https:\/\/carmenresidence.com\/de\/#organization","name":"Carmen Residence","url":"https:\/\/carmenresidence.com\/de\/","logo":{"@type":"ImageObject","inLanguage":"de","@id":"https:\/\/carmenresidence.com\/de\/#\/schema\/logo\/image\/","url":"https:\/\/carmenresidence.com\/wp-content\/uploads\/2021\/05\/Logo-Carmen.png","contentUrl":"https:\/\/carmenresidence.com\/wp-content\/uploads\/2021\/05\/Logo-Carmen.png","width":225,"height":86,"caption":"Carmen Residence"},"image":{"@id":"https:\/\/carmenresidence.com\/de\/#\/schema\/logo\/image\/"},"sameAs":["https:\/\/www.facebook.com\/carmenresidenceopatija\/","https:\/\/www.instagram.com\/opatijacarmenresidence\/"]}]}},"_links":{"self":[{"href":"https:\/\/carmenresidence.com\/de\/wp-json\/wp\/v2\/pages\/2983","targetHints":{"allow":["GET"]}}],"collection":[{"href":"https:\/\/carmenresidence.com\/de\/wp-json\/wp\/v2\/pages"}],"about":[{"href":"https:\/\/carmenresidence.com\/de\/wp-json\/wp\/v2\/types\/page"}],"author":[{"embeddable":true,"href":"https:\/\/carmenresidence.com\/de\/wp-json\/wp\/v2\/users\/1"}],"replies":[{"embeddable":true,"href":"https:\/\/carmenresidence.com\/de\/wp-json\/wp\/v2\/comments?post=2983"}],"version-history":[{"count":13,"href":"https:\/\/carmenresidence.com\/de\/wp-json\/wp\/v2\/pages\/2983\/revisions"}],"predecessor-version":[{"id":7747,"href":"https:\/\/carmenresidence.com\/de\/wp-json\/wp\/v2\/pages\/2983\/revisions\/7747"}],"wp:attachment":[{"href":"https:\/\/carmenresidence.com\/de\/wp-json\/wp\/v2\/media?parent=2983"}],"curies":[{"name":"wp","href":"https:\/\/api.w.org\/{rel}","templated":true}]}}